{"id":5913,"date":"2023-02-20T08:32:56","date_gmt":"2023-02-20T07:32:56","guid":{"rendered":"https:\/\/meadowstale.com\/?page_id=5913"},"modified":"2024-09-30T12:13:23","modified_gmt":"2024-09-30T10:13:23","slug":"startseite","status":"publish","type":"page","link":"https:\/\/meadowstale.com\/de\/","title":{"rendered":"Startseite"},"content":{"rendered":"\n<p class=\"has-text-align-center\">Wir glauben, dass die Wiese eine starke Bindung zwischen Kindern und der Natur herstellt. Mit der Welt der Pflanzen und Tiere.<br>Sie erz\u00e4hlt \u00fcber die Harmonie in der Natur.<br>\u00dcber die Abfolge der Jahreszeiten.<br>Sie reift mit dem Kind .<\/p>\n\n\n\n<p class=\"has-text-align-center\">Wir m\u00f6chten Sie begleiten, wenn Sie die Ecken und Winkel der Wiese erkundet. In den Geschichten voller Natur, unbeschwerter Barfu\u00dfspazierg\u00e4nge und dem Aufbau sch\u00f6ner Erinnerungen.<\/p>\n\n\n\n<p class=\"has-text-align-center\">Ein kleiner Grashalm, der zu Ihren<br>cgro\u00dfen t\u00e4glichen Anstrengungen kommt.<\/p>\n","protected":false},"excerpt":{"rendered":"<p>Wir glauben, dass die Wiese eine starke Bindung zwischen Kindern und der Natur herstellt. Mit der Welt der Pflanzen und Tiere.Sie erz\u00e4hlt \u00fcber die Harmonie in der Natur.\u00dcber die Abfolge der Jahreszeiten.Sie reift mit dem Kind . Wir m\u00f6chten Sie begleiten, wenn Sie die Ecken und Winkel der Wiese erkundet. In den Geschichten voller Natur, [&hellip;]<\/p>\n","protected":false},"author":1,"featured_media":0,"parent":0,"menu_order":0,"comment_status":"closed","ping_status":"closed","template":"front-page.php","meta":{"_acf_changed":false,"footnotes":""},"acf":[],"yoast_head":"<!-- This site is optimized with the Yoast SEO plugin v22.2 - https:\/\/yoast.com\/wordpress\/plugins\/seo\/ -->\n<title>ubrania dla dzieci inspirowane \u0142\u0105k\u0105 | Meadow&#039;s Tale<\/title>\n<meta name=\"description\" content=\"Wir n\u00e4hen unsere Kleidungsst\u00fccke aus hochwertigen Garnen. Wir verwenden Materialien, die nach Oeko-Tex\u00ae Standard 100 zertifiziert sind\" \/>\n<meta name=\"robots\" content=\"index, follow, max-snippet:-1, max-image-preview:large, max-video-preview:-1\" \/>\n<link rel=\"canonical\" href=\"https:\/\/meadowstale.com\/de\/\" \/>\n<meta property=\"og:locale\" content=\"de_DE\" \/>\n<meta property=\"og:type\" content=\"article\" \/>\n<meta property=\"og:title\" content=\"ubrania dla dzieci inspirowane \u0142\u0105k\u0105 | Meadow&#039;s Tale\" \/>\n<meta property=\"og:description\" content=\"Wir n\u00e4hen unsere Kleidungsst\u00fccke aus hochwertigen Garnen. Wir verwenden Materialien, die nach Oeko-Tex\u00ae Standard 100 zertifiziert sind\" \/>\n<meta property=\"og:url\" content=\"https:\/\/meadowstale.com\/de\/\" \/>\n<meta property=\"og:site_name\" content=\"Meadow&#039;s Tale\" \/>\n<meta property=\"article:modified_time\" content=\"2024-09-30T10:13:23+00:00\" \/>\n<meta name=\"twitter:card\" content=\"summary_large_image\" \/>\n<meta name=\"twitter:label1\" content=\"Est. reading time\" \/>\n\t<meta name=\"twitter:data1\" content=\"6 Minuten\" \/>\n<script type=\"application\/ld+json\" class=\"yoast-schema-graph\">{\"@context\":\"https:\/\/schema.org\",\"@graph\":[{\"@type\":\"WebPage\",\"@id\":\"https:\/\/meadowstale.com\/de\/\",\"url\":\"https:\/\/meadowstale.com\/de\/\",\"name\":\"ubrania dla dzieci inspirowane \u0142\u0105k\u0105 | Meadow&#039;s Tale\",\"isPartOf\":{\"@id\":\"https:\/\/meadowstale.com\/de\/#website\"},\"datePublished\":\"2023-02-20T07:32:56+00:00\",\"dateModified\":\"2024-09-30T10:13:23+00:00\",\"description\":\"Wir n\u00e4hen unsere Kleidungsst\u00fccke aus hochwertigen Garnen. Wir verwenden Materialien, die nach Oeko-Tex\u00ae Standard 100 zertifiziert sind\",\"breadcrumb\":{\"@id\":\"https:\/\/meadowstale.com\/de\/#breadcrumb\"},\"inLanguage\":\"de-DE\",\"potentialAction\":[{\"@type\":\"ReadAction\",\"target\":[\"https:\/\/meadowstale.com\/de\/\"]}]},{\"@type\":\"BreadcrumbList\",\"@id\":\"https:\/\/meadowstale.com\/de\/#breadcrumb\",\"itemListElement\":[{\"@type\":\"ListItem\",\"position\":1,\"name\":\"Home\",\"item\":\"https:\/\/meadowstale.com\/de\/\"},{\"@type\":\"ListItem\",\"position\":2,\"name\":\"Startseite\"}]},{\"@type\":\"WebSite\",\"@id\":\"https:\/\/meadowstale.com\/de\/#website\",\"url\":\"https:\/\/meadowstale.com\/de\/\",\"name\":\"Meadow's Tale\",\"description\":\"\",\"publisher\":{\"@id\":\"https:\/\/meadowstale.com\/de\/#organization\"},\"potentialAction\":[{\"@type\":\"SearchAction\",\"target\":{\"@type\":\"EntryPoint\",\"urlTemplate\":\"https:\/\/meadowstale.com\/de\/?s={search_term_string}\"},\"query-input\":\"required name=search_term_string\"}],\"inLanguage\":\"de-DE\"},{\"@type\":\"Organization\",\"@id\":\"https:\/\/meadowstale.com\/de\/#organization\",\"name\":\"Meadow's Tale\",\"url\":\"https:\/\/meadowstale.com\/de\/\",\"logo\":{\"@type\":\"ImageObject\",\"inLanguage\":\"de-DE\",\"@id\":\"https:\/\/meadowstale.com\/de\/#\/schema\/logo\/image\/\",\"url\":\"https:\/\/meadowstale.com\/wp-content\/uploads\/2020\/10\/LOGO.png\",\"contentUrl\":\"https:\/\/meadowstale.com\/wp-content\/uploads\/2020\/10\/LOGO.png\",\"width\":208,\"height\":125,\"caption\":\"Meadow's Tale\"},\"image\":{\"@id\":\"https:\/\/meadowstale.com\/de\/#\/schema\/logo\/image\/\"}}]}<\/script>\n<!-- \/ Yoast SEO plugin. -->","yoast_head_json":{"title":"ubrania dla dzieci inspirowane \u0142\u0105k\u0105 | Meadow&#039;s Tale","description":"Wir n\u00e4hen unsere Kleidungsst\u00fccke aus hochwertigen Garnen. Wir verwenden Materialien, die nach Oeko-Tex\u00ae Standard 100 zertifiziert sind","robots":{"index":"index","follow":"follow","max-snippet":"max-snippet:-1","max-image-preview":"max-image-preview:large","max-video-preview":"max-video-preview:-1"},"canonical":"https:\/\/meadowstale.com\/de\/","og_locale":"de_DE","og_type":"article","og_title":"ubrania dla dzieci inspirowane \u0142\u0105k\u0105 | Meadow&#039;s Tale","og_description":"Wir n\u00e4hen unsere Kleidungsst\u00fccke aus hochwertigen Garnen. Wir verwenden Materialien, die nach Oeko-Tex\u00ae Standard 100 zertifiziert sind","og_url":"https:\/\/meadowstale.com\/de\/","og_site_name":"Meadow&#039;s Tale","article_modified_time":"2024-09-30T10:13:23+00:00","twitter_card":"summary_large_image","twitter_misc":{"Est. reading time":"6 Minuten"},"schema":{"@context":"https:\/\/schema.org","@graph":[{"@type":"WebPage","@id":"https:\/\/meadowstale.com\/de\/","url":"https:\/\/meadowstale.com\/de\/","name":"ubrania dla dzieci inspirowane \u0142\u0105k\u0105 | Meadow&#039;s Tale","isPartOf":{"@id":"https:\/\/meadowstale.com\/de\/#website"},"datePublished":"2023-02-20T07:32:56+00:00","dateModified":"2024-09-30T10:13:23+00:00","description":"Wir n\u00e4hen unsere Kleidungsst\u00fccke aus hochwertigen Garnen. Wir verwenden Materialien, die nach Oeko-Tex\u00ae Standard 100 zertifiziert sind","breadcrumb":{"@id":"https:\/\/meadowstale.com\/de\/#breadcrumb"},"inLanguage":"de-DE","potentialAction":[{"@type":"ReadAction","target":["https:\/\/meadowstale.com\/de\/"]}]},{"@type":"BreadcrumbList","@id":"https:\/\/meadowstale.com\/de\/#breadcrumb","itemListElement":[{"@type":"ListItem","position":1,"name":"Home","item":"https:\/\/meadowstale.com\/de\/"},{"@type":"ListItem","position":2,"name":"Startseite"}]},{"@type":"WebSite","@id":"https:\/\/meadowstale.com\/de\/#website","url":"https:\/\/meadowstale.com\/de\/","name":"Meadow's Tale","description":"","publisher":{"@id":"https:\/\/meadowstale.com\/de\/#organization"},"potentialAction":[{"@type":"SearchAction","target":{"@type":"EntryPoint","urlTemplate":"https:\/\/meadowstale.com\/de\/?s={search_term_string}"},"query-input":"required name=search_term_string"}],"inLanguage":"de-DE"},{"@type":"Organization","@id":"https:\/\/meadowstale.com\/de\/#organization","name":"Meadow's Tale","url":"https:\/\/meadowstale.com\/de\/","logo":{"@type":"ImageObject","inLanguage":"de-DE","@id":"https:\/\/meadowstale.com\/de\/#\/schema\/logo\/image\/","url":"https:\/\/meadowstale.com\/wp-content\/uploads\/2020\/10\/LOGO.png","contentUrl":"https:\/\/meadowstale.com\/wp-content\/uploads\/2020\/10\/LOGO.png","width":208,"height":125,"caption":"Meadow's Tale"},"image":{"@id":"https:\/\/meadowstale.com\/de\/#\/schema\/logo\/image\/"}}]}},"_links":{"self":[{"href":"https:\/\/meadowstale.com\/de\/wp-json\/wp\/v2\/pages\/5913"}],"collection":[{"href":"https:\/\/meadowstale.com\/de\/wp-json\/wp\/v2\/pages"}],"about":[{"href":"https:\/\/meadowstale.com\/de\/wp-json\/wp\/v2\/types\/page"}],"author":[{"embeddable":true,"href":"https:\/\/meadowstale.com\/de\/wp-json\/wp\/v2\/users\/1"}],"replies":[{"embeddable":true,"href":"https:\/\/meadowstale.com\/de\/wp-json\/wp\/v2\/comments?post=5913"}],"version-history":[{"count":13,"href":"https:\/\/meadowstale.com\/de\/wp-json\/wp\/v2\/pages\/5913\/revisions"}],"predecessor-version":[{"id":9278,"href":"https:\/\/meadowstale.com\/de\/wp-json\/wp\/v2\/pages\/5913\/revisions\/9278"}],"wp:attachment":[{"href":"https:\/\/meadowstale.com\/de\/wp-json\/wp\/v2\/media?parent=5913"}],"curies":[{"name":"wp","href":"https:\/\/api.w.org\/{rel}","templated":true}]}}