{"id":5968,"date":"2023-04-13T16:13:28","date_gmt":"2023-04-13T14:13:28","guid":{"rendered":"https:\/\/meadowstale.com\/?page_id=5968"},"modified":"2024-09-30T16:10:26","modified_gmt":"2024-09-30T14:10:26","slug":"ueber-uns","status":"publish","type":"page","link":"https:\/\/meadowstale.com\/de\/ueber-uns\/","title":{"rendered":"\u00dcber uns"},"content":{"rendered":"\n<h1 class=\"wp-block-heading has-text-align-center head-se big\">Geschichte<\/h1>\n\n\n\n<p class=\"has-text-align-center\">Wir laden Sie zu Geschichten \u00fcber die Wiese ein.<br>Geschichten voller Freiheit, Kindheitserinnerungen, Feldpflanzen und Tiere.<\/p>\n\n\n\n<p class=\"has-text-align-center\">Die Wiese hat viel gesehen und erinnert sich an vieles. Sie erinnert sich an viele nackte F\u00fc\u00dfe, Lachen, Gef\u00fchle. Es ist ein gemeinsamer Ort f\u00fcr die kommenden Generationen. Hier spielte einst ein kleines M\u00e4dchen, das sp\u00e4ter erwachsen und selbst Mutter und sp\u00e4ter Gro\u00dfmutter wurde.<\/p>\n\n\n\n<p class=\"has-text-align-center\">In den Beskiden gibt es eine besondere Wiese. Basia ist dort aufgewachsen und hat ihre gesamte Kindheit dort verbracht. Das tat Ania auch. Heute werden sie emotional, wenn sie daran zur\u00fcckdenken. Agnieszka kehrt mit ihrem Sohn Antek fast jedes freie Wochenende dorthin zur\u00fcck.<\/p>\n\n\n\n<p class=\"has-text-align-center\">Basia ist die Mutter von Ania, die Gro\u00dfmutter von Agnieszka und die Urgro\u00dfmutter von Antek. Dies ist schon die dritte Generation. Fr\u00fcher waren sie alle in seinem Alter. Der Kreis der Geschichte schlie\u00dft sich. Es ist, als w\u00fcrde man ein St\u00fcck Natur in den Genen vererben. Die gemeinsame Wiese ist zu einem Familienband geworden.<\/p>\n\n\n\n<p class=\"has-text-align-center\">Wir verbinden die R\u00fcckkehr auf die Wiese mit einer R\u00fcckkehr zu unseren Wurzeln, zur heimischen Natur. Wir teilen diese Gef\u00fchle durch unsere Kleidungsdesigns und unsere Markenvision.<\/p>\n\n\n\n<p class=\"has-text-align-center\">Die Wiese ist ein sch\u00f6nes Symbol f\u00fcr den harmonischen Kreislauf des Lebens in der Natur. Es ist eine Geschichte \u00fcber das Erwachsenwerden. Und dabei wollen wir Sie begleiten.<\/p>\n\n\n\n<div style=\"height:73px\" aria-hidden=\"true\" class=\"wp-block-spacer\"><\/div>\n\n\n<div class=\"wp-block-image\">\n<figure class=\"aligncenter size-large\"><img decoding=\"async\" width=\"1024\" height=\"767\" src=\"https:\/\/meadowstale.com\/wp-content\/uploads\/2024\/09\/2-IMG_4760-min-1024x767.jpg\" alt=\"\" class=\"wp-image-9238\" srcset=\"https:\/\/meadowstale.com\/wp-content\/uploads\/2024\/09\/2-IMG_4760-min-1024x767.jpg 1024w, https:\/\/meadowstale.com\/wp-content\/uploads\/2024\/09\/2-IMG_4760-min-300x225.jpg 300w, https:\/\/meadowstale.com\/wp-content\/uploads\/2024\/09\/2-IMG_4760-min-768x575.jpg 768w, https:\/\/meadowstale.com\/wp-content\/uploads\/2024\/09\/2-IMG_4760-min-600x450.jpg 600w, https:\/\/meadowstale.com\/wp-content\/uploads\/2024\/09\/2-IMG_4760-min-80x60.jpg 80w, https:\/\/meadowstale.com\/wp-content\/uploads\/2024\/09\/2-IMG_4760-min-120x90.jpg 120w, https:\/\/meadowstale.com\/wp-content\/uploads\/2024\/09\/2-IMG_4760-min.jpg 1500w\" sizes=\"(max-width: 1024px) 100vw, 1024px\" \/><\/figure><\/div>\n\n\n<div style=\"height:73px\" aria-hidden=\"true\" class=\"wp-block-spacer\"><\/div>\n\n\n\n<h2 class=\"wp-block-heading has-text-align-center head-se big\">\u00dcber die Produkte<\/h2>\n\n\n\n<p class=\"has-text-align-center\">Wir n\u00e4hen unsere Kleidungen in Polen aus hochwertigem Garn &#8211; Merinowolle, Baby Alpaka, Kaschmir, 100% Baumwolle. Wir verwenden Materialien, die das internationale Zertifikat Oeko-Tex\u00ae Standard 100 besitzen.<\/p>\n\n\n\n<p class=\"has-text-align-center\">Meadow&#8217;s Tale entwirft seine eigenen Designs mit einzigartigen, handgezeichneten Gravuren, die von Pflanzen inspiriert sind, die auf polnischen Wiesen wachsen.<\/p>\n","protected":false},"excerpt":{"rendered":"<p>Geschichte Wir laden Sie zu Geschichten \u00fcber die Wiese ein.Geschichten voller Freiheit, Kindheitserinnerungen, Feldpflanzen und Tiere. Die Wiese hat viel gesehen und erinnert sich an vieles. Sie erinnert sich an viele nackte F\u00fc\u00dfe, Lachen, Gef\u00fchle. Es ist ein gemeinsamer Ort f\u00fcr die kommenden Generationen. Hier spielte einst ein kleines M\u00e4dchen, das sp\u00e4ter erwachsen und selbst [&hellip;]<\/p>\n","protected":false},"author":2,"featured_media":9235,"parent":0,"menu_order":0,"comment_status":"closed","ping_status":"closed","template":"template-parts\/about-us-page.php","meta":{"_acf_changed":false,"footnotes":""},"acf":[],"yoast_head":"<!-- This site is optimized with the Yoast SEO plugin v22.2 - https:\/\/yoast.com\/wordpress\/plugins\/seo\/ -->\n<title>\u00dcber uns - Meadow&#039;s Tale<\/title>\n<meta name=\"robots\" content=\"index, follow, max-snippet:-1, max-image-preview:large, max-video-preview:-1\" \/>\n<link rel=\"canonical\" href=\"https:\/\/meadowstale.com\/de\/ueber-uns\/\" \/>\n<meta property=\"og:locale\" content=\"de_DE\" \/>\n<meta property=\"og:type\" content=\"article\" \/>\n<meta property=\"og:title\" content=\"\u00dcber uns - Meadow&#039;s Tale\" \/>\n<meta property=\"og:description\" content=\"Geschichte Wir laden Sie zu Geschichten \u00fcber die Wiese ein.Geschichten voller Freiheit, Kindheitserinnerungen, Feldpflanzen und Tiere. Die Wiese hat viel gesehen und erinnert sich an vieles. Sie erinnert sich an viele nackte F\u00fc\u00dfe, Lachen, Gef\u00fchle. Es ist ein gemeinsamer Ort f\u00fcr die kommenden Generationen. Hier spielte einst ein kleines M\u00e4dchen, das sp\u00e4ter erwachsen und selbst [&hellip;]\" \/>\n<meta property=\"og:url\" content=\"https:\/\/meadowstale.com\/de\/ueber-uns\/\" \/>\n<meta property=\"og:site_name\" content=\"Meadow&#039;s Tale\" \/>\n<meta property=\"article:modified_time\" content=\"2024-09-30T14:10:26+00:00\" \/>\n<meta property=\"og:image\" content=\"https:\/\/meadowstale.com\/wp-content\/uploads\/2024\/09\/1-baner-historia-min.jpg\" \/>\n\t<meta property=\"og:image:width\" content=\"1500\" \/>\n\t<meta property=\"og:image:height\" content=\"482\" \/>\n\t<meta property=\"og:image:type\" content=\"image\/jpeg\" \/>\n<meta name=\"twitter:card\" content=\"summary_large_image\" \/>\n<meta name=\"twitter:label1\" content=\"Est. reading time\" \/>\n\t<meta name=\"twitter:data1\" content=\"2 Minuten\" \/>\n<script type=\"application\/ld+json\" class=\"yoast-schema-graph\">{\"@context\":\"https:\/\/schema.org\",\"@graph\":[{\"@type\":\"WebPage\",\"@id\":\"https:\/\/meadowstale.com\/de\/ueber-uns\/\",\"url\":\"https:\/\/meadowstale.com\/de\/ueber-uns\/\",\"name\":\"\u00dcber uns - Meadow&#039;s Tale\",\"isPartOf\":{\"@id\":\"https:\/\/meadowstale.com\/de\/#website\"},\"primaryImageOfPage\":{\"@id\":\"https:\/\/meadowstale.com\/de\/ueber-uns\/#primaryimage\"},\"image\":{\"@id\":\"https:\/\/meadowstale.com\/de\/ueber-uns\/#primaryimage\"},\"thumbnailUrl\":\"https:\/\/meadowstale.com\/wp-content\/uploads\/2024\/09\/1-baner-historia-min.jpg\",\"datePublished\":\"2023-04-13T14:13:28+00:00\",\"dateModified\":\"2024-09-30T14:10:26+00:00\",\"breadcrumb\":{\"@id\":\"https:\/\/meadowstale.com\/de\/ueber-uns\/#breadcrumb\"},\"inLanguage\":\"de-DE\",\"potentialAction\":[{\"@type\":\"ReadAction\",\"target\":[\"https:\/\/meadowstale.com\/de\/ueber-uns\/\"]}]},{\"@type\":\"ImageObject\",\"inLanguage\":\"de-DE\",\"@id\":\"https:\/\/meadowstale.com\/de\/ueber-uns\/#primaryimage\",\"url\":\"https:\/\/meadowstale.com\/wp-content\/uploads\/2024\/09\/1-baner-historia-min.jpg\",\"contentUrl\":\"https:\/\/meadowstale.com\/wp-content\/uploads\/2024\/09\/1-baner-historia-min.jpg\",\"width\":1500,\"height\":482},{\"@type\":\"BreadcrumbList\",\"@id\":\"https:\/\/meadowstale.com\/de\/ueber-uns\/#breadcrumb\",\"itemListElement\":[{\"@type\":\"ListItem\",\"position\":1,\"name\":\"Home\",\"item\":\"https:\/\/meadowstale.com\/de\/\"},{\"@type\":\"ListItem\",\"position\":2,\"name\":\"\u00dcber uns\"}]},{\"@type\":\"WebSite\",\"@id\":\"https:\/\/meadowstale.com\/de\/#website\",\"url\":\"https:\/\/meadowstale.com\/de\/\",\"name\":\"Meadow's Tale\",\"description\":\"\",\"publisher\":{\"@id\":\"https:\/\/meadowstale.com\/de\/#organization\"},\"potentialAction\":[{\"@type\":\"SearchAction\",\"target\":{\"@type\":\"EntryPoint\",\"urlTemplate\":\"https:\/\/meadowstale.com\/de\/?s={search_term_string}\"},\"query-input\":\"required name=search_term_string\"}],\"inLanguage\":\"de-DE\"},{\"@type\":\"Organization\",\"@id\":\"https:\/\/meadowstale.com\/de\/#organization\",\"name\":\"Meadow's Tale\",\"url\":\"https:\/\/meadowstale.com\/de\/\",\"logo\":{\"@type\":\"ImageObject\",\"inLanguage\":\"de-DE\",\"@id\":\"https:\/\/meadowstale.com\/de\/#\/schema\/logo\/image\/\",\"url\":\"https:\/\/meadowstale.com\/wp-content\/uploads\/2020\/10\/LOGO.png\",\"contentUrl\":\"https:\/\/meadowstale.com\/wp-content\/uploads\/2020\/10\/LOGO.png\",\"width\":208,\"height\":125,\"caption\":\"Meadow's Tale\"},\"image\":{\"@id\":\"https:\/\/meadowstale.com\/de\/#\/schema\/logo\/image\/\"}}]}<\/script>\n<!-- \/ Yoast SEO plugin. -->","yoast_head_json":{"title":"\u00dcber uns - Meadow&#039;s Tale","robots":{"index":"index","follow":"follow","max-snippet":"max-snippet:-1","max-image-preview":"max-image-preview:large","max-video-preview":"max-video-preview:-1"},"canonical":"https:\/\/meadowstale.com\/de\/ueber-uns\/","og_locale":"de_DE","og_type":"article","og_title":"\u00dcber uns - Meadow&#039;s Tale","og_description":"Geschichte Wir laden Sie zu Geschichten \u00fcber die Wiese ein.Geschichten voller Freiheit, Kindheitserinnerungen, Feldpflanzen und Tiere. Die Wiese hat viel gesehen und erinnert sich an vieles. Sie erinnert sich an viele nackte F\u00fc\u00dfe, Lachen, Gef\u00fchle. Es ist ein gemeinsamer Ort f\u00fcr die kommenden Generationen. Hier spielte einst ein kleines M\u00e4dchen, das sp\u00e4ter erwachsen und selbst [&hellip;]","og_url":"https:\/\/meadowstale.com\/de\/ueber-uns\/","og_site_name":"Meadow&#039;s Tale","article_modified_time":"2024-09-30T14:10:26+00:00","og_image":[{"width":1500,"height":482,"url":"https:\/\/meadowstale.com\/wp-content\/uploads\/2024\/09\/1-baner-historia-min.jpg","type":"image\/jpeg"}],"twitter_card":"summary_large_image","twitter_misc":{"Est. reading time":"2 Minuten"},"schema":{"@context":"https:\/\/schema.org","@graph":[{"@type":"WebPage","@id":"https:\/\/meadowstale.com\/de\/ueber-uns\/","url":"https:\/\/meadowstale.com\/de\/ueber-uns\/","name":"\u00dcber uns - Meadow&#039;s Tale","isPartOf":{"@id":"https:\/\/meadowstale.com\/de\/#website"},"primaryImageOfPage":{"@id":"https:\/\/meadowstale.com\/de\/ueber-uns\/#primaryimage"},"image":{"@id":"https:\/\/meadowstale.com\/de\/ueber-uns\/#primaryimage"},"thumbnailUrl":"https:\/\/meadowstale.com\/wp-content\/uploads\/2024\/09\/1-baner-historia-min.jpg","datePublished":"2023-04-13T14:13:28+00:00","dateModified":"2024-09-30T14:10:26+00:00","breadcrumb":{"@id":"https:\/\/meadowstale.com\/de\/ueber-uns\/#breadcrumb"},"inLanguage":"de-DE","potentialAction":[{"@type":"ReadAction","target":["https:\/\/meadowstale.com\/de\/ueber-uns\/"]}]},{"@type":"ImageObject","inLanguage":"de-DE","@id":"https:\/\/meadowstale.com\/de\/ueber-uns\/#primaryimage","url":"https:\/\/meadowstale.com\/wp-content\/uploads\/2024\/09\/1-baner-historia-min.jpg","contentUrl":"https:\/\/meadowstale.com\/wp-content\/uploads\/2024\/09\/1-baner-historia-min.jpg","width":1500,"height":482},{"@type":"BreadcrumbList","@id":"https:\/\/meadowstale.com\/de\/ueber-uns\/#breadcrumb","itemListElement":[{"@type":"ListItem","position":1,"name":"Home","item":"https:\/\/meadowstale.com\/de\/"},{"@type":"ListItem","position":2,"name":"\u00dcber uns"}]},{"@type":"WebSite","@id":"https:\/\/meadowstale.com\/de\/#website","url":"https:\/\/meadowstale.com\/de\/","name":"Meadow's Tale","description":"","publisher":{"@id":"https:\/\/meadowstale.com\/de\/#organization"},"potentialAction":[{"@type":"SearchAction","target":{"@type":"EntryPoint","urlTemplate":"https:\/\/meadowstale.com\/de\/?s={search_term_string}"},"query-input":"required name=search_term_string"}],"inLanguage":"de-DE"},{"@type":"Organization","@id":"https:\/\/meadowstale.com\/de\/#organization","name":"Meadow's Tale","url":"https:\/\/meadowstale.com\/de\/","logo":{"@type":"ImageObject","inLanguage":"de-DE","@id":"https:\/\/meadowstale.com\/de\/#\/schema\/logo\/image\/","url":"https:\/\/meadowstale.com\/wp-content\/uploads\/2020\/10\/LOGO.png","contentUrl":"https:\/\/meadowstale.com\/wp-content\/uploads\/2020\/10\/LOGO.png","width":208,"height":125,"caption":"Meadow's Tale"},"image":{"@id":"https:\/\/meadowstale.com\/de\/#\/schema\/logo\/image\/"}}]}},"_links":{"self":[{"href":"https:\/\/meadowstale.com\/de\/wp-json\/wp\/v2\/pages\/5968"}],"collection":[{"href":"https:\/\/meadowstale.com\/de\/wp-json\/wp\/v2\/pages"}],"about":[{"href":"https:\/\/meadowstale.com\/de\/wp-json\/wp\/v2\/types\/page"}],"author":[{"embeddable":true,"href":"https:\/\/meadowstale.com\/de\/wp-json\/wp\/v2\/users\/2"}],"replies":[{"embeddable":true,"href":"https:\/\/meadowstale.com\/de\/wp-json\/wp\/v2\/comments?post=5968"}],"version-history":[{"count":8,"href":"https:\/\/meadowstale.com\/de\/wp-json\/wp\/v2\/pages\/5968\/revisions"}],"predecessor-version":[{"id":9283,"href":"https:\/\/meadowstale.com\/de\/wp-json\/wp\/v2\/pages\/5968\/revisions\/9283"}],"wp:featuredmedia":[{"embeddable":true,"href":"https:\/\/meadowstale.com\/de\/wp-json\/wp\/v2\/media\/9235"}],"wp:attachment":[{"href":"https:\/\/meadowstale.com\/de\/wp-json\/wp\/v2\/media?parent=5968"}],"curies":[{"name":"wp","href":"https:\/\/api.w.org\/{rel}","templated":true}]}}