{"id":7305,"date":"2024-01-02T14:34:55","date_gmt":"2024-01-02T13:34:55","guid":{"rendered":"https:\/\/meadowstale.com\/?page_id=7305"},"modified":"2024-01-02T14:41:45","modified_gmt":"2024-01-02T13:41:45","slug":"datenschutz-und-cookie-richtlinie","status":"publish","type":"page","link":"https:\/\/meadowstale.com\/de\/datenschutz-und-cookie-richtlinie\/","title":{"rendered":"Datenschutz- und Cookie-Richtlinie"},"content":{"rendered":"\n<p><strong>Allgemeine Informationen<\/strong><\/p>\n\n\n\n<p>Diese Datenschutz- und Cookie-Richtlinie legt die Regeln f\u00fcr die Verarbeitung und den Schutz personenbezogener Daten und die Verwendung von Cookies und anderen Technologien fest, wie z. B: : Google Analytics, Facebook Pixel in Verbindung mit der Nutzung der Website, des Shops und der vom Administrator betriebenen Social Media Profile durch die Nutzer<\/p>\n\n\n\n<p class=\"has-text-align-center\"><strong>\u00a71 Definitionen<\/strong><\/p>\n\n\n\n<p>F\u00fcr die Zwecke dieser Datenschutzrichtlinie haben die folgenden Begriffe die folgende Bedeutung:<\/p>\n\n\n\n<ol type=\"1\">\n<li><strong>Administrator<\/strong> &#8211; Jakub Jakubowicz, ul. \u015aliska 7\/66, 30-504 Krak\u00f3w, NIP: 5170179472<\/li>\n\n\n\n<li><strong>Website<\/strong> &#8211; der Dienst, der unter <em><a href=\"https:\/\/meadowstale.com\/\">https:\/\/meadowstale.com\/<\/a><\/em> verf\u00fcgbar ist <em><a href=\"https:\/\/meadowstale.com\/\"><\/a><\/em><\/li>\n\n\n\n<li><strong>Shop<\/strong> &#8211; der Online-Shop, der unter <a href=\"https:\/\/meadowstale.com\/de\/produkte\">https:\/\/meadowstale.com\/de\/produkte<\/a> verf\u00fcgbar ist<\/li>\n\n\n\n<li><strong>Nutzer<\/strong> &#8211; jede Person, die den Inhalt der Website durchsucht.<\/li>\n\n\n\n<li><strong>RODO<\/strong> &#8211; Verordnung (EU) 2016\/679 des Europ\u00e4ischen Parlaments und des Rates vom 27. April 2016 zum Schutz nat\u00fcrlicher Personen bei der Verarbeitung personenbezogener Daten, zum freien Datenverkehr und zur Aufhebung der Richtlinie 95\/46\/EG<\/li>\n<\/ol>\n\n\n\n<p class=\"has-text-align-center\"><strong>\u00a72 Personenbezogene Daten<\/strong><\/p>\n\n\n\n<ol type=\"1\">\n<li>Der Verwalter ist der Verantwortliche f\u00fcr die personenbezogenen Daten des Nutzers im Sinne der RODO.<\/li>\n\n\n\n<li>Der\/die Nutzer\/in kann dem\/der Verwalter\/in seine\/ihre personenbezogenen Daten unter anderem \u00fcber die auf der Website und im Shop verf\u00fcgbaren Formulare sowie \u00fcber L\u00f6sungen wie Instant Messaging und Social-Media-Profile zur Verf\u00fcgung stellen.  <\/li>\n\n\n\n<li>Die Rechtsgrundlage f\u00fcr die Verarbeitung der personenbezogenen Daten der Nutzer\/innen ist die freiwillige, spezifische, informierte und eindeutige Zustimmung des\/der Nutzers\/in, die \u00fcber das entsprechende Formular auf der Website erteilt wird.<\/li>\n\n\n\n<li>Personenbezogene Daten k\u00f6nnen auch in F\u00e4llen verarbeitet werden, in denen der Verwalter aufgrund gesetzlicher Bestimmungen oder zur Erf\u00fcllung eines zwischen den Parteien geschlossenen Vertrags sowie aufgrund eines berechtigten Interesses des Verwalters befugt ist, personenbezogene Daten zu verarbeiten. Im Besonderen:\n\n<ol>\n<li><strong>[BESTELLFORMULAR<\/strong>]<\/li>\n<\/ol>\n<\/li>\n<\/ol>\n\n\n\n<p>Die personenbezogenen Daten, die der Nutzer dem Verwalter im Rahmen des Bestellformulars zur Verf\u00fcgung stellt, werden zum Zweck der Erf\u00fcllung des \u00fcber den Shop oder die Website geschlossenen Vertrags verarbeitet. Dieser Vertrag ist die Rechtsgrundlage f\u00fcr die Verarbeitung (Art. 6(1)(b) RODO). Die Bereitstellung der personenbezogenen Daten durch den Nutzer ist freiwillig, aber notwendig, damit der Nutzer einen Vertrag mit dem Verwalter abschlie\u00dfen kann. Die Daten werden f\u00fcr die Dauer des Vertrages und die Erf\u00fcllung der dem Verwalter obliegenden gesetzlichen Pflichten (z.B. Steuer- und Rechnungswesen) sowie im Falle von Forderungen verarbeitet. <em> <\/em><\/p>\n\n\n\n<ul>\n<li><strong>(NEWSLETTER-ANMELDEFORMULAR<\/strong>)<br>Die personenbezogenen Daten, die der Nutzer im Newsletter-Anmeldeformular an den Verwalter \u00fcbermittelt, werden verarbeitet, um dem Nutzer einen Newsletter mit Informationen \u00fcber Neuigkeiten und ausgew\u00e4hlte Angebote zuzusenden<em>.<\/em> Die Angabe der personenbezogenen Daten durch den Nutzer ist freiwillig, aber notwendig, damit der Nutzer den Newsletter abonnieren und erhalten kann. Die Verarbeitung der Daten zu diesem Zweck erfolgt nur mit der Einwilligung des Nutzers (Rechtsgrundlage Art. 6(1)(a) RODO), die der Nutzer im Newsletter-Abonnementformular zum Ausdruck bringen kann und die er jederzeit widerrufen kann. Die Daten werden so lange verarbeitet, bis der Newsletter nicht mehr verschickt wird oder der\/die Nutzer\/in seine\/ihre Einwilligung zuvor widerrufen hat.<em><\/em><ul><li><strong>[KONTAKTFORMULAR<\/strong>]<br>Personenbezogene Daten, die der\/die Nutzer\/in dem Verwalter im Kontaktformular oder in einer E-Mail an die auf der Website angegebene Adresse des Verwalters zur Verf\u00fcgung stellt, werden verarbeitet, um auf die gesendete Anfrage zu antworten. Die Angabe der personenbezogenen Daten durch den Nutzer ist freiwillig, aber notwendig, damit der Nutzer eine Antwort erh\u00e4lt. Die Verarbeitung der Daten zu diesem Zweck erfolgt auf der Grundlage des berechtigten Interesses, das der Verwalter verfolgt (Art. 6(1)(f) RODO). Die Daten werden bis zum Abschluss der Korrespondenz und 3 Jahre danach verarbeitet.<\/li><\/ul>\n\n<ul>\n<li><strong>[FORMULAR ZUM HINZUF\u00dcGEN VON KOMMENTAREN\/MEINUNGEN<\/strong>]<br>Die personenbezogenen Daten, die der Nutzer im Kommentar-\/Meinungsformular an den Administrator \u00fcbermittelt, werden verarbeitet, um den Kommentar\/die Meinung des Nutzers anzuzeigen. Die Angabe der personenbezogenen Daten durch den Nutzer ist freiwillig, aber notwendig, damit der Nutzer einen Kommentar\/eine Meinung abgeben kann. Die Verarbeitung der Daten zu diesem Zweck erfolgt auf der Grundlage der Einwilligung des Nutzers (Rechtsgrundlage Art. 6(1)(a) DSGVO). Die Daten werden so lange verarbeitet, wie die Website besteht oder bis der Nutzer seine Zustimmung zur\u00fcckzieht<\/li>\n<\/ul>\n<\/li>\n<\/ul>\n\n\n\n<ul>\n<li>Der Administrator kann personenbezogene Daten an andere Stellen weitergeben, mit deren Hilfe er die in den vorstehenden Abs\u00e4tzen genannten Zwecke erf\u00fcllt (z. B. Unternehmen, die Hosting-Dienste anbieten, eine Buchhaltungsfirma, Kurierdienste, ein Unternehmen, das eine E-Mail-Anwendung bereitstellt).<\/li>\n\n\n\n<li>Die personenbezogenen Daten der Nutzerin\/des Nutzers werden nicht an Empf\u00e4nger aus Drittl\u00e4ndern oder internationale Organisationen \u00fcbermittelt, die kein angemessenes Schutzniveau bieten. Ein angemessenes Schutzniveau muss durch einen entsprechenden Beschluss der Europ\u00e4ischen Kommission oder ein anderes verbindliches Rechtsinstrument best\u00e4tigt werden.<\/li>\n\n\n\n<li>Der Verwalter garantiert die Vertraulichkeit der ihm zur Verf\u00fcgung gestellten personenbezogenen Daten.<\/li>\n\n\n\n<li>Personenbezogene Daten werden mit der gebotenen Sorgfalt erhoben, angemessen vor dem Zugriff Unbefugter gesch\u00fctzt und in \u00dcbereinstimmung mit und unter den Bedingungen verarbeitet, die im Einzelnen in der:<ul><li>Verordnung (EU) 2016\/679 des Europ\u00e4ischen Parlaments und des Rates vom 27. April 2016 zum Schutz nat\u00fcrlicher Personen bei der Verarbeitung personenbezogener Daten, zum freien Datenverkehr und zur Aufhebung der Richtlinie 95\/46\/EG,<\/li><\/ul><ul><li>gesetz vom 18. Juli 2002 \u00fcber die Erbringung von Dienstleistungen mit elektronischen Mitteln,<\/li><\/ul>\n\n<ul>\n<li>das Gesetz vom 10. Mai 2018 \u00fcber den Schutz personenbezogener Daten.<\/li>\n<\/ul>\n<\/li>\n<\/ul>\n\n\n\n<p class=\"has-text-align-center\"><strong>\u00a73 Rechte des Nutzers<\/strong><\/p>\n\n\n\n<ol type=\"1\">\n<li>Der Nutzer hat Rechte in Bezug auf die Verarbeitung seiner personenbezogenen Daten, darunter:<\/li>\n\n\n\n<li>das Recht auf Zugang zu den Daten<\/li>\n\n\n\n<li>das Recht auf Berichtigung der Daten<\/li>\n\n\n\n<li>das Recht, die Verarbeitung einzuschr\u00e4nken<\/li>\n\n\n\n<li>das Recht auf Widerspruch gegen die Verarbeitung deiner Daten<\/li>\n\n\n\n<li>das Recht auf L\u00f6schung deiner Daten (sog. Recht auf Vergessenwerden)<\/li>\n\n\n\n<li>das Recht auf Daten\u00fcbertragbarkeit<\/li>\n\n\n\n<li>das Recht auf eine Beschwerde bei einer Aufsichtsbeh\u00f6rde in Bezug auf die Verarbeitung personenbezogener Daten durch den Administrator<\/li>\n\n\n\n<li>Der\/die Nutzer\/in hat das Recht, seine\/ihre Zustimmung jederzeit zu widerrufen, wenn er\/sie zuvor seine\/ihre Zustimmung gegeben hat.  <\/li>\n\n\n\n<li><em>hello@meadowstale.com<\/em><\/li>\n<\/ol>\n\n\n\n<p class=\"has-text-align-center\"><strong>\u00a74 Cookies und andere Informationen<\/strong><\/p>\n\n\n\n<ol type=\"1\">\n<li>Wenn der\/die Nutzer\/in die Website nutzt, werden automatisch Daten \u00fcber den\/die Nutzer\/in gesammelt. Zu diesen Daten geh\u00f6ren unter anderem: IP-Adresse, Domainname, Browsertyp, Betriebssystemtyp. Diese Daten k\u00f6nnen durch Cookies erfasst und auch in Server-Logs aufgezeichnet werden.<\/li>\n\n\n\n<li>Cookies (so genannte &#8220;Kekse&#8221;) sind Dateien, die an den Computer oder ein anderes Ger\u00e4t (z. B. Laptop, Smartphone, Tablet) des Nutzers gesendet und dort gespeichert werden, w\u00e4hrend er auf der Website surft. Cookies merken sich die Vorlieben und das Verhalten der Nutzerin\/des Nutzers und erm\u00f6glichen es, die Qualit\u00e4t der angebotenen Dienste, die Suchergebnisse und die Relevanz der angezeigten Informationen, einschlie\u00dflich der Werbung, zu verbessern und die Vorlieben der Nutzerin\/des Nutzers anonym zu verfolgen. Eine aktuelle Liste der auf der Website verwendeten Cookies ist \u00fcber die Cookie-Leiste auf der Website verf\u00fcgbar. <\/li>\n\n\n\n<li>Der\/die Nutzer\/in kann \u00fcber die Cookie-Leiste auf der Website seine\/ihre Zustimmung zur Verwendung von Cookies auf seinem\/ihrem Endger\u00e4t geben. Er oder sie kann dies auch \u00fcber die Einstellungen des auf seinem\/ihrem Ger\u00e4t installierten Browsers tun. Ebenso kann der\/die Nutzer\/in seine\/ihre Zustimmung jederzeit widerrufen oder deren Umfang \u00e4ndern.<\/li>\n\n\n\n<li>Der\/die Nutzer\/in kann auch bestehende Cookies von seinem\/ihrem Ger\u00e4t l\u00f6schen, indem er\/sie die entsprechenden Funktionen des Browsers, die zu diesem Zweck verwendeten Programme oder die in dem von ihm\/ihr verwendeten Betriebssystem verf\u00fcgbaren Tools nutzt.<\/li>\n\n\n\n<li>Die in Serverprotokollen oder mittels Cookies gespeicherten Daten werden vom Verwalter in keiner Weise mit bestimmten Nutzern der Website in Verbindung gebracht und werden vom Verwalter nicht zur Identifizierung des Nutzers verwendet. Die Serverprotokolle werden f\u00fcr die Verwaltung der Website verwendet und ihr Inhalt wird nur an die zur Verwaltung des Servers berechtigten Personen weitergegeben.<\/li>\n\n\n\n<li>Die Website verwendet Technologien, die die Aktionen der Nutzer\/innen bei der Nutzung der Website <strong>anonym<\/strong> aufzeichnen. Dazu geh\u00f6ren:<ol><li>Google Analitysc &#8211; wird verwendet, um die Statistiken der Website zu analysieren<\/li><\/ol>\n\n<ol>\n<li>Facebook Pixel &#8211; wird verwendet, um Facebook-Werbung zu verwalten und zu optimieren<\/li>\n<\/ol>\n<\/li>\n\n\n\n<li>Die durch diese Tools gewonnenen Daten werden in keiner Weise mit bestimmten Website-Nutzern verkn\u00fcpft und werden vom Administrator nicht zur Identifizierung des Nutzers verwendet.<\/li>\n\n\n\n<li>Die Verwendung der in \u00a7 3 Abs. 7 aufgef\u00fchrten Technologien hat zur Folge, dass die Website, die Inhalte und die Werbung optimiert werden. 7 aufgef\u00fchrten Technologien ist es, die Website, ihren Inhalt und das Produktangebot f\u00fcr die Bed\u00fcrfnisse der Nutzer\/innen zu optimieren.<\/li>\n<\/ol>\n\n\n\n<p class=\"has-text-align-center\"><strong>\u00a75 Zweck der Datennutzung<\/strong><\/p>\n\n\n\n<p>Der Verwalter verwendet die vom Nutzer bereitgestellten oder automatisch erhobenen Daten, um:<\/p>\n\n\n\n<ol type=\"a\">\n<li>das ordnungsgem\u00e4\u00dfe Funktionieren, die Konfiguration und die Sicherheit der Website,<ol><li>den Status der Sitzung zu \u00fcberwachen,<\/li><\/ol><ol><li>analysen, Forschung und Pr\u00fcfung der Anzeigen der Website,<\/li><\/ol><ol><li>die Erf\u00fcllung der \u00fcber die Website geschlossenen Vertr\u00e4ge<\/li><\/ol>\n\n<ol>\n<li>sowie f\u00fcr statistische und Marketingzwecke.<\/li>\n<\/ol>\n<\/li>\n<\/ol>\n\n\n\n<p class=\"has-text-align-center\"><strong>\u00a76 Schlussbestimmungen<\/strong><\/p>\n\n\n\n<ol type=\"1\">\n<li>Dieses Dokument kann aufgrund von Entwicklungen in der Internettechnologie, \u00c4nderungen im Datenschutzrecht und der Entwicklung unserer Website und unseres Shops \u00c4nderungen unterliegen. Alle \u00c4nderungen werden den Nutzerinnen und Nutzern unverz\u00fcglich in sichtbarer und verst\u00e4ndlicher Form mitgeteilt.<\/li>\n\n\n\n<li>Bei Fragen oder Anmerkungen zur Datenschutz- und Cookie-Richtlinie wende dich bitte an uns unter: hello@meadowstale.com<em><\/em><\/li>\n<\/ol>\n","protected":false},"excerpt":{"rendered":"<p>Allgemeine Informationen Diese Datenschutz- und Cookie-Richtlinie legt die Regeln f\u00fcr die Verarbeitung und den Schutz personenbezogener Daten und die Verwendung von Cookies und anderen Technologien fest, wie z. B: : Google Analytics, Facebook Pixel in Verbindung mit der Nutzung der Website, des Shops und der vom Administrator betriebenen Social Media Profile durch die Nutzer \u00a71 [&hellip;]<\/p>\n","protected":false},"author":2,"featured_media":0,"parent":0,"menu_order":0,"comment_status":"closed","ping_status":"open","template":"","meta":{"_acf_changed":false,"footnotes":""},"acf":[],"yoast_head":"<!-- This site is optimized with the Yoast SEO plugin v22.2 - https:\/\/yoast.com\/wordpress\/plugins\/seo\/ -->\n<title>Datenschutz- und Cookie-Richtlinie - Meadow&#039;s Tale<\/title>\n<meta name=\"robots\" content=\"index, follow, max-snippet:-1, max-image-preview:large, max-video-preview:-1\" \/>\n<link rel=\"canonical\" href=\"https:\/\/meadowstale.com\/de\/datenschutz-und-cookie-richtlinie\/\" \/>\n<meta property=\"og:locale\" content=\"de_DE\" \/>\n<meta property=\"og:type\" content=\"article\" \/>\n<meta property=\"og:title\" content=\"Datenschutz- und Cookie-Richtlinie - Meadow&#039;s Tale\" \/>\n<meta property=\"og:description\" content=\"Allgemeine Informationen Diese Datenschutz- und Cookie-Richtlinie legt die Regeln f\u00fcr die Verarbeitung und den Schutz personenbezogener Daten und die Verwendung von Cookies und anderen Technologien fest, wie z. B: : Google Analytics, Facebook Pixel in Verbindung mit der Nutzung der Website, des Shops und der vom Administrator betriebenen Social Media Profile durch die Nutzer \u00a71 [&hellip;]\" \/>\n<meta property=\"og:url\" content=\"https:\/\/meadowstale.com\/de\/datenschutz-und-cookie-richtlinie\/\" \/>\n<meta property=\"og:site_name\" content=\"Meadow&#039;s Tale\" \/>\n<meta property=\"article:modified_time\" content=\"2024-01-02T13:41:45+00:00\" \/>\n<meta name=\"twitter:card\" content=\"summary_large_image\" \/>\n<meta name=\"twitter:label1\" content=\"Est. reading time\" \/>\n\t<meta name=\"twitter:data1\" content=\"8 Minuten\" \/>\n<script type=\"application\/ld+json\" class=\"yoast-schema-graph\">{\"@context\":\"https:\/\/schema.org\",\"@graph\":[{\"@type\":\"WebPage\",\"@id\":\"https:\/\/meadowstale.com\/de\/datenschutz-und-cookie-richtlinie\/\",\"url\":\"https:\/\/meadowstale.com\/de\/datenschutz-und-cookie-richtlinie\/\",\"name\":\"Datenschutz- und Cookie-Richtlinie - Meadow&#039;s Tale\",\"isPartOf\":{\"@id\":\"https:\/\/meadowstale.com\/de\/#website\"},\"datePublished\":\"2024-01-02T13:34:55+00:00\",\"dateModified\":\"2024-01-02T13:41:45+00:00\",\"breadcrumb\":{\"@id\":\"https:\/\/meadowstale.com\/de\/datenschutz-und-cookie-richtlinie\/#breadcrumb\"},\"inLanguage\":\"de-DE\",\"potentialAction\":[{\"@type\":\"ReadAction\",\"target\":[\"https:\/\/meadowstale.com\/de\/datenschutz-und-cookie-richtlinie\/\"]}]},{\"@type\":\"BreadcrumbList\",\"@id\":\"https:\/\/meadowstale.com\/de\/datenschutz-und-cookie-richtlinie\/#breadcrumb\",\"itemListElement\":[{\"@type\":\"ListItem\",\"position\":1,\"name\":\"Home\",\"item\":\"https:\/\/meadowstale.com\/de\/\"},{\"@type\":\"ListItem\",\"position\":2,\"name\":\"Datenschutz- und Cookie-Richtlinie\"}]},{\"@type\":\"WebSite\",\"@id\":\"https:\/\/meadowstale.com\/de\/#website\",\"url\":\"https:\/\/meadowstale.com\/de\/\",\"name\":\"Meadow's Tale\",\"description\":\"\",\"publisher\":{\"@id\":\"https:\/\/meadowstale.com\/de\/#organization\"},\"potentialAction\":[{\"@type\":\"SearchAction\",\"target\":{\"@type\":\"EntryPoint\",\"urlTemplate\":\"https:\/\/meadowstale.com\/de\/?s={search_term_string}\"},\"query-input\":\"required name=search_term_string\"}],\"inLanguage\":\"de-DE\"},{\"@type\":\"Organization\",\"@id\":\"https:\/\/meadowstale.com\/de\/#organization\",\"name\":\"Meadow's Tale\",\"url\":\"https:\/\/meadowstale.com\/de\/\",\"logo\":{\"@type\":\"ImageObject\",\"inLanguage\":\"de-DE\",\"@id\":\"https:\/\/meadowstale.com\/de\/#\/schema\/logo\/image\/\",\"url\":\"https:\/\/meadowstale.com\/wp-content\/uploads\/2020\/10\/LOGO.png\",\"contentUrl\":\"https:\/\/meadowstale.com\/wp-content\/uploads\/2020\/10\/LOGO.png\",\"width\":208,\"height\":125,\"caption\":\"Meadow's Tale\"},\"image\":{\"@id\":\"https:\/\/meadowstale.com\/de\/#\/schema\/logo\/image\/\"}}]}<\/script>\n<!-- \/ Yoast SEO plugin. -->","yoast_head_json":{"title":"Datenschutz- und Cookie-Richtlinie - Meadow&#039;s Tale","robots":{"index":"index","follow":"follow","max-snippet":"max-snippet:-1","max-image-preview":"max-image-preview:large","max-video-preview":"max-video-preview:-1"},"canonical":"https:\/\/meadowstale.com\/de\/datenschutz-und-cookie-richtlinie\/","og_locale":"de_DE","og_type":"article","og_title":"Datenschutz- und Cookie-Richtlinie - Meadow&#039;s Tale","og_description":"Allgemeine Informationen Diese Datenschutz- und Cookie-Richtlinie legt die Regeln f\u00fcr die Verarbeitung und den Schutz personenbezogener Daten und die Verwendung von Cookies und anderen Technologien fest, wie z. B: : Google Analytics, Facebook Pixel in Verbindung mit der Nutzung der Website, des Shops und der vom Administrator betriebenen Social Media Profile durch die Nutzer \u00a71 [&hellip;]","og_url":"https:\/\/meadowstale.com\/de\/datenschutz-und-cookie-richtlinie\/","og_site_name":"Meadow&#039;s Tale","article_modified_time":"2024-01-02T13:41:45+00:00","twitter_card":"summary_large_image","twitter_misc":{"Est. reading time":"8 Minuten"},"schema":{"@context":"https:\/\/schema.org","@graph":[{"@type":"WebPage","@id":"https:\/\/meadowstale.com\/de\/datenschutz-und-cookie-richtlinie\/","url":"https:\/\/meadowstale.com\/de\/datenschutz-und-cookie-richtlinie\/","name":"Datenschutz- und Cookie-Richtlinie - Meadow&#039;s Tale","isPartOf":{"@id":"https:\/\/meadowstale.com\/de\/#website"},"datePublished":"2024-01-02T13:34:55+00:00","dateModified":"2024-01-02T13:41:45+00:00","breadcrumb":{"@id":"https:\/\/meadowstale.com\/de\/datenschutz-und-cookie-richtlinie\/#breadcrumb"},"inLanguage":"de-DE","potentialAction":[{"@type":"ReadAction","target":["https:\/\/meadowstale.com\/de\/datenschutz-und-cookie-richtlinie\/"]}]},{"@type":"BreadcrumbList","@id":"https:\/\/meadowstale.com\/de\/datenschutz-und-cookie-richtlinie\/#breadcrumb","itemListElement":[{"@type":"ListItem","position":1,"name":"Home","item":"https:\/\/meadowstale.com\/de\/"},{"@type":"ListItem","position":2,"name":"Datenschutz- und Cookie-Richtlinie"}]},{"@type":"WebSite","@id":"https:\/\/meadowstale.com\/de\/#website","url":"https:\/\/meadowstale.com\/de\/","name":"Meadow's Tale","description":"","publisher":{"@id":"https:\/\/meadowstale.com\/de\/#organization"},"potentialAction":[{"@type":"SearchAction","target":{"@type":"EntryPoint","urlTemplate":"https:\/\/meadowstale.com\/de\/?s={search_term_string}"},"query-input":"required name=search_term_string"}],"inLanguage":"de-DE"},{"@type":"Organization","@id":"https:\/\/meadowstale.com\/de\/#organization","name":"Meadow's Tale","url":"https:\/\/meadowstale.com\/de\/","logo":{"@type":"ImageObject","inLanguage":"de-DE","@id":"https:\/\/meadowstale.com\/de\/#\/schema\/logo\/image\/","url":"https:\/\/meadowstale.com\/wp-content\/uploads\/2020\/10\/LOGO.png","contentUrl":"https:\/\/meadowstale.com\/wp-content\/uploads\/2020\/10\/LOGO.png","width":208,"height":125,"caption":"Meadow's Tale"},"image":{"@id":"https:\/\/meadowstale.com\/de\/#\/schema\/logo\/image\/"}}]}},"_links":{"self":[{"href":"https:\/\/meadowstale.com\/de\/wp-json\/wp\/v2\/pages\/7305"}],"collection":[{"href":"https:\/\/meadowstale.com\/de\/wp-json\/wp\/v2\/pages"}],"about":[{"href":"https:\/\/meadowstale.com\/de\/wp-json\/wp\/v2\/types\/page"}],"author":[{"embeddable":true,"href":"https:\/\/meadowstale.com\/de\/wp-json\/wp\/v2\/users\/2"}],"replies":[{"embeddable":true,"href":"https:\/\/meadowstale.com\/de\/wp-json\/wp\/v2\/comments?post=7305"}],"version-history":[{"count":4,"href":"https:\/\/meadowstale.com\/de\/wp-json\/wp\/v2\/pages\/7305\/revisions"}],"predecessor-version":[{"id":7315,"href":"https:\/\/meadowstale.com\/de\/wp-json\/wp\/v2\/pages\/7305\/revisions\/7315"}],"wp:attachment":[{"href":"https:\/\/meadowstale.com\/de\/wp-json\/wp\/v2\/media?parent=7305"}],"curies":[{"name":"wp","href":"https:\/\/api.w.org\/{rel}","templated":true}]}}