{"id":6439,"date":"2023-01-18T09:01:07","date_gmt":"2023-01-18T08:01:07","guid":{"rendered":"https:\/\/meadowstale.com\/produkt\/kamizelka-merino-migdalowa-2"},"modified":"2026-02-06T12:22:55","modified_gmt":"2026-02-06T11:22:55","slug":"merinoweste-mandel","status":"publish","type":"product","link":"https:\/\/meadowstale.com\/de\/produkt\/merinoweste-mandel\/","title":{"rendered":"Merinoweste &#8211; Mandel"},"content":{"rendered":"<div class=\"family-avenire middle-text-custom\">\n<h3>WASCHANLEITUNG:<\/h3>\n<ul>\n<li aria-level=\"1\">Sie m\u00fcssen nicht oft waschen &#8211; das Material reinigt sich selbst<\/li>\n<li aria-level=\"1\">Ausl\u00fcften reicht<\/li>\n<li aria-level=\"1\">Falls erforderlich, sehr vorsichtig von Hand in lauwarmem Wasser bei 30 \u00b0C waschen<\/li>\n<li aria-level=\"1\">Keine Reinigungsmittel verwenden<\/li>\n<li aria-level=\"1\">Keine automatischen Trockner verwenden<\/li>\n<li aria-level=\"1\">B\u00fcgeln bei einer mittleren Temperatur &#8211; bis maximal 110 \u00b0C<\/li>\n<\/ul>\n<\/div>\n","protected":false},"excerpt":{"rendered":"<p style=\"text-align: center;\">Lieferzeiten: 2-3 Arbeitstage<\/p>\n<p style=\"text-align: center;\">Diese bequeme und extrem weiche Weste aus Merinowolle w\u00e4rmt Ihr Kind im Winter und k\u00fchlt es im Sommer angenehm, so dass sie das ganze Jahr \u00fcber getragen werden kann. Das Blattmuster wurde auf der Grundlage einer handgefertigten Gravur entworfen.<\/p>\n<div class=\"description-main-product family-avenire\">\n<h3>\u00dcBER DAS PRODUKT:<\/h3>\n<ul>\n<li aria-level=\"1\">Zusammensetzung: 100% extrafeine Merinowolle<\/li>\n<li aria-level=\"1\">\u00d6ko-Tex Standard 100 \u00ae Zertifizierung<\/li>\n<li aria-level=\"1\">hat antiseptische und antiallergische Eigenschaften<\/li>\n<li aria-level=\"1\">reizt nicht<\/li>\n<li aria-level=\"1\">kann bis zu 35% der Feuchtigkeit absorbieren<\/li>\n<li aria-level=\"1\">atmungsaktiv, blockiert nicht die nat\u00fcrliche K\u00fchlfunktion des K\u00f6rpers durch Schwitzen<\/li>\n<li aria-level=\"1\">wirkt antibakteriell und ist geruchsneutral<\/li>\n<li aria-level=\"1\">ideal zur Kombination mit Baumwoll-T-Shirts<\/li>\n<li aria-level=\"1\">Unisex-Schnitt, perfekt f\u00fcr M\u00e4dchen und Jungen<\/li>\n<li aria-level=\"1\">gen\u00e4ht in Polen<\/li>\n<\/ul>\n<p>Merinos ern\u00e4hren sich ausschlie\u00dflich von nat\u00fcrlichen Ressourcen wie Gras, Wasser, frischer Luft und Sonne. Ihre Wolle ist umweltfreundlich, weil sie regelm\u00e4\u00dfig nachw\u00e4chst. Au\u00dferdem ist sie vollst\u00e4ndig biologisch abbaubar und erfordert beim Waschen keine Chemikalien.<\/p>\n<\/div>\n","protected":false},"featured_media":9347,"comment_status":"closed","ping_status":"closed","template":"","meta":{"_acf_changed":false},"product_cat":[193],"product_tag":[],"supplier_id":null,"supplier_sku":"","barcode":null,"atum_controlled":true,"out_stock_date":null,"out_stock_threshold":null,"inheritable":true,"inbound_stock":0,"stock_on_hold":0,"sold_today":0,"sales_last_days":0,"reserved_stock":0,"customer_returns":0,"warehouse_damage":0,"lost_in_post":0,"other_logs":0,"out_stock_days":0,"lost_sales":0,"has_location":false,"update_date":"2026-02-06T10:02:04","atum_locations":[],"atum_stock_status":"instock","restock_status":false,"low_stock_amount":"","sales_update_date":"2026-02-06T10:02:04","calc_backorders":null,"acf":[],"yoast_head":"<!-- This site is optimized with the Yoast SEO plugin v22.2 - https:\/\/yoast.com\/wordpress\/plugins\/seo\/ -->\n<title>Merinoweste - Mandel - Meadow&#039;s Tale<\/title>\n<meta name=\"description\" content=\"Eine bequeme Merinoweste in der Farbe Mandel, ideal f\u00fcr das ganze Jahr. Sie ist weich und atmungsaktiv und hat antiseptische.\" \/>\n<meta name=\"robots\" content=\"index, follow, max-snippet:-1, max-image-preview:large, max-video-preview:-1\" \/>\n<link rel=\"canonical\" href=\"https:\/\/meadowstale.com\/de\/produkt\/merinoweste-mandel\/\" \/>\n<meta property=\"og:locale\" content=\"de_DE\" \/>\n<meta property=\"og:type\" content=\"article\" \/>\n<meta property=\"og:title\" content=\"Merinoweste - Mandel - Meadow&#039;s Tale\" \/>\n<meta property=\"og:description\" content=\"Eine bequeme Merinoweste in der Farbe Mandel, ideal f\u00fcr das ganze Jahr. Sie ist weich und atmungsaktiv und hat antiseptische.\" \/>\n<meta property=\"og:url\" content=\"https:\/\/meadowstale.com\/de\/produkt\/merinoweste-mandel\/\" \/>\n<meta property=\"og:site_name\" content=\"Meadow&#039;s Tale\" \/>\n<meta property=\"article:modified_time\" content=\"2026-02-06T11:22:55+00:00\" \/>\n<meta property=\"og:image\" content=\"https:\/\/meadowstale.com\/wp-content\/uploads\/2024\/09\/1_meadows-20244735-min.jpg\" \/>\n\t<meta property=\"og:image:width\" content=\"1536\" \/>\n\t<meta property=\"og:image:height\" content=\"2048\" \/>\n\t<meta property=\"og:image:type\" content=\"image\/jpeg\" \/>\n<meta name=\"twitter:card\" content=\"summary_large_image\" \/>\n<meta name=\"twitter:label1\" content=\"Est. reading time\" \/>\n\t<meta name=\"twitter:data1\" content=\"1 Minute\" \/>\n<script type=\"application\/ld+json\" class=\"yoast-schema-graph\">{\"@context\":\"https:\/\/schema.org\",\"@graph\":[{\"@type\":\"WebPage\",\"@id\":\"https:\/\/meadowstale.com\/de\/produkt\/merinoweste-mandel\/\",\"url\":\"https:\/\/meadowstale.com\/de\/produkt\/merinoweste-mandel\/\",\"name\":\"Merinoweste - Mandel - Meadow&#039;s Tale\",\"isPartOf\":{\"@id\":\"https:\/\/meadowstale.com\/de\/#website\"},\"primaryImageOfPage\":{\"@id\":\"https:\/\/meadowstale.com\/de\/produkt\/merinoweste-mandel\/#primaryimage\"},\"image\":{\"@id\":\"https:\/\/meadowstale.com\/de\/produkt\/merinoweste-mandel\/#primaryimage\"},\"thumbnailUrl\":\"https:\/\/meadowstale.com\/wp-content\/uploads\/2024\/10\/kamizelka-min.jpg\",\"datePublished\":\"2023-01-18T08:01:07+00:00\",\"dateModified\":\"2026-02-06T11:22:55+00:00\",\"description\":\"Eine bequeme Merinoweste in der Farbe Mandel, ideal f\u00fcr das ganze Jahr. Sie ist weich und atmungsaktiv und hat antiseptische.\",\"breadcrumb\":{\"@id\":\"https:\/\/meadowstale.com\/de\/produkt\/merinoweste-mandel\/#breadcrumb\"},\"inLanguage\":\"de-DE\",\"potentialAction\":[{\"@type\":\"ReadAction\",\"target\":[\"https:\/\/meadowstale.com\/de\/produkt\/merinoweste-mandel\/\"]}]},{\"@type\":\"ImageObject\",\"inLanguage\":\"de-DE\",\"@id\":\"https:\/\/meadowstale.com\/de\/produkt\/merinoweste-mandel\/#primaryimage\",\"url\":\"https:\/\/meadowstale.com\/wp-content\/uploads\/2024\/10\/kamizelka-min.jpg\",\"contentUrl\":\"https:\/\/meadowstale.com\/wp-content\/uploads\/2024\/10\/kamizelka-min.jpg\",\"width\":1500,\"height\":1500},{\"@type\":\"BreadcrumbList\",\"@id\":\"https:\/\/meadowstale.com\/de\/produkt\/merinoweste-mandel\/#breadcrumb\",\"itemListElement\":[{\"@type\":\"ListItem\",\"position\":1,\"name\":\"Home\",\"item\":\"https:\/\/meadowstale.com\/de\/\"},{\"@type\":\"ListItem\",\"position\":2,\"name\":\"Produkte\",\"item\":\"https:\/\/meadowstale.com\/de\/produkte\/\"},{\"@type\":\"ListItem\",\"position\":3,\"name\":\"Merinoweste &#8211; Mandel\"}]},{\"@type\":\"WebSite\",\"@id\":\"https:\/\/meadowstale.com\/de\/#website\",\"url\":\"https:\/\/meadowstale.com\/de\/\",\"name\":\"Meadow's Tale\",\"description\":\"\",\"publisher\":{\"@id\":\"https:\/\/meadowstale.com\/de\/#organization\"},\"potentialAction\":[{\"@type\":\"SearchAction\",\"target\":{\"@type\":\"EntryPoint\",\"urlTemplate\":\"https:\/\/meadowstale.com\/de\/?s={search_term_string}\"},\"query-input\":\"required name=search_term_string\"}],\"inLanguage\":\"de-DE\"},{\"@type\":\"Organization\",\"@id\":\"https:\/\/meadowstale.com\/de\/#organization\",\"name\":\"Meadow's Tale\",\"url\":\"https:\/\/meadowstale.com\/de\/\",\"logo\":{\"@type\":\"ImageObject\",\"inLanguage\":\"de-DE\",\"@id\":\"https:\/\/meadowstale.com\/de\/#\/schema\/logo\/image\/\",\"url\":\"https:\/\/meadowstale.com\/wp-content\/uploads\/2020\/10\/LOGO.png\",\"contentUrl\":\"https:\/\/meadowstale.com\/wp-content\/uploads\/2020\/10\/LOGO.png\",\"width\":208,\"height\":125,\"caption\":\"Meadow's Tale\"},\"image\":{\"@id\":\"https:\/\/meadowstale.com\/de\/#\/schema\/logo\/image\/\"}}]}<\/script>\n<!-- \/ Yoast SEO plugin. -->","yoast_head_json":{"title":"Merinoweste - Mandel - Meadow&#039;s Tale","description":"Eine bequeme Merinoweste in der Farbe Mandel, ideal f\u00fcr das ganze Jahr. Sie ist weich und atmungsaktiv und hat antiseptische.","robots":{"index":"index","follow":"follow","max-snippet":"max-snippet:-1","max-image-preview":"max-image-preview:large","max-video-preview":"max-video-preview:-1"},"canonical":"https:\/\/meadowstale.com\/de\/produkt\/merinoweste-mandel\/","og_locale":"de_DE","og_type":"article","og_title":"Merinoweste - Mandel - Meadow&#039;s Tale","og_description":"Eine bequeme Merinoweste in der Farbe Mandel, ideal f\u00fcr das ganze Jahr. Sie ist weich und atmungsaktiv und hat antiseptische.","og_url":"https:\/\/meadowstale.com\/de\/produkt\/merinoweste-mandel\/","og_site_name":"Meadow&#039;s Tale","article_modified_time":"2026-02-06T11:22:55+00:00","og_image":[{"width":1536,"height":2048,"url":"https:\/\/meadowstale.com\/wp-content\/uploads\/2024\/09\/1_meadows-20244735-min.jpg","type":"image\/jpeg"}],"twitter_card":"summary_large_image","twitter_misc":{"Est. reading time":"1 Minute"},"schema":{"@context":"https:\/\/schema.org","@graph":[{"@type":"WebPage","@id":"https:\/\/meadowstale.com\/de\/produkt\/merinoweste-mandel\/","url":"https:\/\/meadowstale.com\/de\/produkt\/merinoweste-mandel\/","name":"Merinoweste - Mandel - Meadow&#039;s Tale","isPartOf":{"@id":"https:\/\/meadowstale.com\/de\/#website"},"primaryImageOfPage":{"@id":"https:\/\/meadowstale.com\/de\/produkt\/merinoweste-mandel\/#primaryimage"},"image":{"@id":"https:\/\/meadowstale.com\/de\/produkt\/merinoweste-mandel\/#primaryimage"},"thumbnailUrl":"https:\/\/meadowstale.com\/wp-content\/uploads\/2024\/10\/kamizelka-min.jpg","datePublished":"2023-01-18T08:01:07+00:00","dateModified":"2026-02-06T11:22:55+00:00","description":"Eine bequeme Merinoweste in der Farbe Mandel, ideal f\u00fcr das ganze Jahr. Sie ist weich und atmungsaktiv und hat antiseptische.","breadcrumb":{"@id":"https:\/\/meadowstale.com\/de\/produkt\/merinoweste-mandel\/#breadcrumb"},"inLanguage":"de-DE","potentialAction":[{"@type":"ReadAction","target":["https:\/\/meadowstale.com\/de\/produkt\/merinoweste-mandel\/"]}]},{"@type":"ImageObject","inLanguage":"de-DE","@id":"https:\/\/meadowstale.com\/de\/produkt\/merinoweste-mandel\/#primaryimage","url":"https:\/\/meadowstale.com\/wp-content\/uploads\/2024\/10\/kamizelka-min.jpg","contentUrl":"https:\/\/meadowstale.com\/wp-content\/uploads\/2024\/10\/kamizelka-min.jpg","width":1500,"height":1500},{"@type":"BreadcrumbList","@id":"https:\/\/meadowstale.com\/de\/produkt\/merinoweste-mandel\/#breadcrumb","itemListElement":[{"@type":"ListItem","position":1,"name":"Home","item":"https:\/\/meadowstale.com\/de\/"},{"@type":"ListItem","position":2,"name":"Produkte","item":"https:\/\/meadowstale.com\/de\/produkte\/"},{"@type":"ListItem","position":3,"name":"Merinoweste &#8211; Mandel"}]},{"@type":"WebSite","@id":"https:\/\/meadowstale.com\/de\/#website","url":"https:\/\/meadowstale.com\/de\/","name":"Meadow's Tale","description":"","publisher":{"@id":"https:\/\/meadowstale.com\/de\/#organization"},"potentialAction":[{"@type":"SearchAction","target":{"@type":"EntryPoint","urlTemplate":"https:\/\/meadowstale.com\/de\/?s={search_term_string}"},"query-input":"required name=search_term_string"}],"inLanguage":"de-DE"},{"@type":"Organization","@id":"https:\/\/meadowstale.com\/de\/#organization","name":"Meadow's Tale","url":"https:\/\/meadowstale.com\/de\/","logo":{"@type":"ImageObject","inLanguage":"de-DE","@id":"https:\/\/meadowstale.com\/de\/#\/schema\/logo\/image\/","url":"https:\/\/meadowstale.com\/wp-content\/uploads\/2020\/10\/LOGO.png","contentUrl":"https:\/\/meadowstale.com\/wp-content\/uploads\/2020\/10\/LOGO.png","width":208,"height":125,"caption":"Meadow's Tale"},"image":{"@id":"https:\/\/meadowstale.com\/de\/#\/schema\/logo\/image\/"}}]}},"_links":{"self":[{"href":"https:\/\/meadowstale.com\/de\/wp-json\/wp\/v2\/product\/6439"}],"collection":[{"href":"https:\/\/meadowstale.com\/de\/wp-json\/wp\/v2\/product"}],"about":[{"href":"https:\/\/meadowstale.com\/de\/wp-json\/wp\/v2\/types\/product"}],"replies":[{"embeddable":true,"href":"https:\/\/meadowstale.com\/de\/wp-json\/wp\/v2\/comments?post=6439"}],"wp:featuredmedia":[{"embeddable":true,"href":"https:\/\/meadowstale.com\/de\/wp-json\/wp\/v2\/media\/9347"}],"wp:attachment":[{"href":"https:\/\/meadowstale.com\/de\/wp-json\/wp\/v2\/media?parent=6439"}],"wp:term":[{"taxonomy":"product_cat","embeddable":true,"href":"https:\/\/meadowstale.com\/de\/wp-json\/wp\/v2\/product_cat?post=6439"},{"taxonomy":"product_tag","embeddable":true,"href":"https:\/\/meadowstale.com\/de\/wp-json\/wp\/v2\/product_tag?post=6439"}],"curies":[{"name":"wp","href":"https:\/\/api.w.org\/{rel}","templated":true}]}}