{"id":7140,"date":"2023-01-17T10:13:36","date_gmt":"2023-01-17T09:13:36","guid":{"rendered":"https:\/\/meadowstale.com\/produkt\/sweter-bawelniany-melanzowy-czekoladowy"},"modified":"2026-02-06T12:22:54","modified_gmt":"2026-02-06T11:22:54","slug":"melange-pullover-aus-baumwolle-schokolade","status":"publish","type":"product","link":"https:\/\/meadowstale.com\/de\/produkt\/melange-pullover-aus-baumwolle-schokolade\/","title":{"rendered":"Melange-Pullover aus Baumwolle &#8211; Schokolade"},"content":{"rendered":"<div class=\"family-avenire middle-text-custom\">\n<h3>WASCHANLEITUNG:<\/h3>\n<ul>\n<li aria-level=\"1\">Waschen bei 30\u00b0C<\/li>\n<li aria-level=\"1\">Keine Reinigungsmittel verwenden<\/li>\n<li aria-level=\"1\">Keine automatischen Trockner verwenden<\/li>\n<li><span style=\"font-weight: 400;\">B\u00fcgeln bei einer mittleren Temperatur &#8211; bis maximal 110 \u00b0C<\/span><\/li>\n<\/ul>\n<\/div>\n","protected":false},"excerpt":{"rendered":"<p style=\"text-align: center;\">Lieferzeiten: 2-3 Arbeitstage<\/p>\n<p style=\"text-align: center;\">Dieser bezaubernde, flauschige Baumwollpulli mit lockerer Passform ist aus zwei Garnfarben gefertigt, die eine un\u00fcbertroffene handwerkliche Pr\u00e4zision vereinen. Dieser unglaublich weiche und dehnbare Pullover, der sich leicht \u00fcber den Kopf ziehen l\u00e4sst, bietet unbegrenzten Komfort und Bewegungsfreiheit f\u00fcr unsere Kleinen. Erh\u00e4ltlich in den Varianten Mini sowie Mummy und Daddy.<\/p>\n<div class=\"description-main-product family-avenire\">\n<h3>\u00dcBER DAS PRODUKT:<\/h3>\n<ul>\n<li>100% Bio-Baumwolle<\/li>\n<li>Oeko-Tex\u00aeStandard 100 zertifiziert<\/li>\n<li>Unisex-Schnitt, perfekt f\u00fcr M\u00e4dchen und Jungen<\/li>\n<li>Nicht allergen, nicht reizend<\/li>\n<li>weich und atmungsaktiv<\/li>\n<li>weich und hautfreundlich<\/li>\n<li>dehnungsarm<\/li>\n<li>hergestellt in Polen<\/li>\n<\/ul>\n<p>Dank ihrer Weichheit sind Stoffe aus Baumwolle ideal f\u00fcr Menschen, die zu Hautreizungen neigen. Baumwolle ist perfekt luftdurchl\u00e4ssig, was bedeutet, dass unser K\u00f6rper trocken bleibt und unsere Haut frei atmen kann. Der strapazierf\u00e4hige Stoff h\u00e4lt nicht nur hohen Temperaturen stand, sondern schrumpft auch nicht und dehnt sich nicht aus. Dar\u00fcber hinaus l\u00e4sst sich Schmutz leicht entfernen, so dass es einfach sauber zu halten ist.<\/p>\n<\/div>\n","protected":false},"featured_media":9344,"comment_status":"closed","ping_status":"closed","template":"","meta":{"_acf_changed":false},"product_cat":[190],"product_tag":[],"supplier_id":null,"supplier_sku":"","barcode":null,"atum_controlled":true,"out_stock_date":null,"out_stock_threshold":null,"inheritable":true,"inbound_stock":0,"stock_on_hold":0,"sold_today":0,"sales_last_days":0,"reserved_stock":0,"customer_returns":0,"warehouse_damage":0,"lost_in_post":0,"other_logs":0,"out_stock_days":0,"lost_sales":0,"has_location":false,"update_date":"2026-02-06T10:02:05","atum_locations":[],"atum_stock_status":"instock","restock_status":false,"low_stock_amount":"","sales_update_date":"2026-02-06T10:02:05","calc_backorders":null,"acf":[],"yoast_head":"<!-- This site is optimized with the Yoast SEO plugin v22.2 - https:\/\/yoast.com\/wordpress\/plugins\/seo\/ -->\n<title>Melange-Pullover aus Baumwolle - Schokolade - Meadow&#039;s Tale<\/title>\n<meta name=\"description\" content=\"Flauschiger Pullover aus Bio-Baumwolle mit spezieller Webart. Weichheit und Elastizit\u00e4t f\u00fcr uneingeschr\u00e4nkten Komfort. Dehnbar.\" \/>\n<meta name=\"robots\" content=\"index, follow, max-snippet:-1, max-image-preview:large, max-video-preview:-1\" \/>\n<link rel=\"canonical\" href=\"https:\/\/meadowstale.com\/de\/produkt\/melange-pullover-aus-baumwolle-schokolade\/\" \/>\n<meta property=\"og:locale\" content=\"de_DE\" \/>\n<meta property=\"og:type\" content=\"article\" \/>\n<meta property=\"og:title\" content=\"Melange-Pullover aus Baumwolle - Schokolade - Meadow&#039;s Tale\" \/>\n<meta property=\"og:description\" content=\"Flauschiger Pullover aus Bio-Baumwolle mit spezieller Webart. Weichheit und Elastizit\u00e4t f\u00fcr uneingeschr\u00e4nkten Komfort. Dehnbar.\" \/>\n<meta property=\"og:url\" content=\"https:\/\/meadowstale.com\/de\/produkt\/melange-pullover-aus-baumwolle-schokolade\/\" \/>\n<meta property=\"og:site_name\" content=\"Meadow&#039;s Tale\" \/>\n<meta property=\"article:modified_time\" content=\"2026-02-06T11:22:54+00:00\" \/>\n<meta property=\"og:image\" content=\"https:\/\/meadowstale.com\/wp-content\/uploads\/2023\/01\/sCzekolada3-min-1.jpg\" \/>\n\t<meta property=\"og:image:width\" content=\"1500\" \/>\n\t<meta property=\"og:image:height\" content=\"1500\" \/>\n\t<meta property=\"og:image:type\" content=\"image\/jpeg\" \/>\n<meta name=\"twitter:card\" content=\"summary_large_image\" \/>\n<meta name=\"twitter:label1\" content=\"Est. reading time\" \/>\n\t<meta name=\"twitter:data1\" content=\"1 Minute\" \/>\n<script type=\"application\/ld+json\" class=\"yoast-schema-graph\">{\"@context\":\"https:\/\/schema.org\",\"@graph\":[{\"@type\":\"WebPage\",\"@id\":\"https:\/\/meadowstale.com\/de\/produkt\/melange-pullover-aus-baumwolle-schokolade\/\",\"url\":\"https:\/\/meadowstale.com\/de\/produkt\/melange-pullover-aus-baumwolle-schokolade\/\",\"name\":\"Melange-Pullover aus Baumwolle - Schokolade - Meadow&#039;s Tale\",\"isPartOf\":{\"@id\":\"https:\/\/meadowstale.com\/de\/#website\"},\"primaryImageOfPage\":{\"@id\":\"https:\/\/meadowstale.com\/de\/produkt\/melange-pullover-aus-baumwolle-schokolade\/#primaryimage\"},\"image\":{\"@id\":\"https:\/\/meadowstale.com\/de\/produkt\/melange-pullover-aus-baumwolle-schokolade\/#primaryimage\"},\"thumbnailUrl\":\"https:\/\/meadowstale.com\/wp-content\/uploads\/2024\/10\/melange-min.jpg\",\"datePublished\":\"2023-01-17T09:13:36+00:00\",\"dateModified\":\"2026-02-06T11:22:54+00:00\",\"description\":\"Flauschiger Pullover aus Bio-Baumwolle mit spezieller Webart. Weichheit und Elastizit\u00e4t f\u00fcr uneingeschr\u00e4nkten Komfort. Dehnbar.\",\"breadcrumb\":{\"@id\":\"https:\/\/meadowstale.com\/de\/produkt\/melange-pullover-aus-baumwolle-schokolade\/#breadcrumb\"},\"inLanguage\":\"de-DE\",\"potentialAction\":[{\"@type\":\"ReadAction\",\"target\":[\"https:\/\/meadowstale.com\/de\/produkt\/melange-pullover-aus-baumwolle-schokolade\/\"]}]},{\"@type\":\"ImageObject\",\"inLanguage\":\"de-DE\",\"@id\":\"https:\/\/meadowstale.com\/de\/produkt\/melange-pullover-aus-baumwolle-schokolade\/#primaryimage\",\"url\":\"https:\/\/meadowstale.com\/wp-content\/uploads\/2024\/10\/melange-min.jpg\",\"contentUrl\":\"https:\/\/meadowstale.com\/wp-content\/uploads\/2024\/10\/melange-min.jpg\",\"width\":1500,\"height\":1500},{\"@type\":\"BreadcrumbList\",\"@id\":\"https:\/\/meadowstale.com\/de\/produkt\/melange-pullover-aus-baumwolle-schokolade\/#breadcrumb\",\"itemListElement\":[{\"@type\":\"ListItem\",\"position\":1,\"name\":\"Home\",\"item\":\"https:\/\/meadowstale.com\/de\/\"},{\"@type\":\"ListItem\",\"position\":2,\"name\":\"Produkte\",\"item\":\"https:\/\/meadowstale.com\/de\/produkte\/\"},{\"@type\":\"ListItem\",\"position\":3,\"name\":\"Melange-Pullover aus Baumwolle &#8211; Schokolade\"}]},{\"@type\":\"WebSite\",\"@id\":\"https:\/\/meadowstale.com\/de\/#website\",\"url\":\"https:\/\/meadowstale.com\/de\/\",\"name\":\"Meadow's Tale\",\"description\":\"\",\"publisher\":{\"@id\":\"https:\/\/meadowstale.com\/de\/#organization\"},\"potentialAction\":[{\"@type\":\"SearchAction\",\"target\":{\"@type\":\"EntryPoint\",\"urlTemplate\":\"https:\/\/meadowstale.com\/de\/?s={search_term_string}\"},\"query-input\":\"required name=search_term_string\"}],\"inLanguage\":\"de-DE\"},{\"@type\":\"Organization\",\"@id\":\"https:\/\/meadowstale.com\/de\/#organization\",\"name\":\"Meadow's Tale\",\"url\":\"https:\/\/meadowstale.com\/de\/\",\"logo\":{\"@type\":\"ImageObject\",\"inLanguage\":\"de-DE\",\"@id\":\"https:\/\/meadowstale.com\/de\/#\/schema\/logo\/image\/\",\"url\":\"https:\/\/meadowstale.com\/wp-content\/uploads\/2020\/10\/LOGO.png\",\"contentUrl\":\"https:\/\/meadowstale.com\/wp-content\/uploads\/2020\/10\/LOGO.png\",\"width\":208,\"height\":125,\"caption\":\"Meadow's Tale\"},\"image\":{\"@id\":\"https:\/\/meadowstale.com\/de\/#\/schema\/logo\/image\/\"}}]}<\/script>\n<!-- \/ Yoast SEO plugin. -->","yoast_head_json":{"title":"Melange-Pullover aus Baumwolle - Schokolade - Meadow&#039;s Tale","description":"Flauschiger Pullover aus Bio-Baumwolle mit spezieller Webart. Weichheit und Elastizit\u00e4t f\u00fcr uneingeschr\u00e4nkten Komfort. Dehnbar.","robots":{"index":"index","follow":"follow","max-snippet":"max-snippet:-1","max-image-preview":"max-image-preview:large","max-video-preview":"max-video-preview:-1"},"canonical":"https:\/\/meadowstale.com\/de\/produkt\/melange-pullover-aus-baumwolle-schokolade\/","og_locale":"de_DE","og_type":"article","og_title":"Melange-Pullover aus Baumwolle - Schokolade - Meadow&#039;s Tale","og_description":"Flauschiger Pullover aus Bio-Baumwolle mit spezieller Webart. Weichheit und Elastizit\u00e4t f\u00fcr uneingeschr\u00e4nkten Komfort. Dehnbar.","og_url":"https:\/\/meadowstale.com\/de\/produkt\/melange-pullover-aus-baumwolle-schokolade\/","og_site_name":"Meadow&#039;s Tale","article_modified_time":"2026-02-06T11:22:54+00:00","og_image":[{"width":1500,"height":1500,"url":"https:\/\/meadowstale.com\/wp-content\/uploads\/2023\/01\/sCzekolada3-min-1.jpg","type":"image\/jpeg"}],"twitter_card":"summary_large_image","twitter_misc":{"Est. reading time":"1 Minute"},"schema":{"@context":"https:\/\/schema.org","@graph":[{"@type":"WebPage","@id":"https:\/\/meadowstale.com\/de\/produkt\/melange-pullover-aus-baumwolle-schokolade\/","url":"https:\/\/meadowstale.com\/de\/produkt\/melange-pullover-aus-baumwolle-schokolade\/","name":"Melange-Pullover aus Baumwolle - Schokolade - Meadow&#039;s Tale","isPartOf":{"@id":"https:\/\/meadowstale.com\/de\/#website"},"primaryImageOfPage":{"@id":"https:\/\/meadowstale.com\/de\/produkt\/melange-pullover-aus-baumwolle-schokolade\/#primaryimage"},"image":{"@id":"https:\/\/meadowstale.com\/de\/produkt\/melange-pullover-aus-baumwolle-schokolade\/#primaryimage"},"thumbnailUrl":"https:\/\/meadowstale.com\/wp-content\/uploads\/2024\/10\/melange-min.jpg","datePublished":"2023-01-17T09:13:36+00:00","dateModified":"2026-02-06T11:22:54+00:00","description":"Flauschiger Pullover aus Bio-Baumwolle mit spezieller Webart. Weichheit und Elastizit\u00e4t f\u00fcr uneingeschr\u00e4nkten Komfort. Dehnbar.","breadcrumb":{"@id":"https:\/\/meadowstale.com\/de\/produkt\/melange-pullover-aus-baumwolle-schokolade\/#breadcrumb"},"inLanguage":"de-DE","potentialAction":[{"@type":"ReadAction","target":["https:\/\/meadowstale.com\/de\/produkt\/melange-pullover-aus-baumwolle-schokolade\/"]}]},{"@type":"ImageObject","inLanguage":"de-DE","@id":"https:\/\/meadowstale.com\/de\/produkt\/melange-pullover-aus-baumwolle-schokolade\/#primaryimage","url":"https:\/\/meadowstale.com\/wp-content\/uploads\/2024\/10\/melange-min.jpg","contentUrl":"https:\/\/meadowstale.com\/wp-content\/uploads\/2024\/10\/melange-min.jpg","width":1500,"height":1500},{"@type":"BreadcrumbList","@id":"https:\/\/meadowstale.com\/de\/produkt\/melange-pullover-aus-baumwolle-schokolade\/#breadcrumb","itemListElement":[{"@type":"ListItem","position":1,"name":"Home","item":"https:\/\/meadowstale.com\/de\/"},{"@type":"ListItem","position":2,"name":"Produkte","item":"https:\/\/meadowstale.com\/de\/produkte\/"},{"@type":"ListItem","position":3,"name":"Melange-Pullover aus Baumwolle &#8211; Schokolade"}]},{"@type":"WebSite","@id":"https:\/\/meadowstale.com\/de\/#website","url":"https:\/\/meadowstale.com\/de\/","name":"Meadow's Tale","description":"","publisher":{"@id":"https:\/\/meadowstale.com\/de\/#organization"},"potentialAction":[{"@type":"SearchAction","target":{"@type":"EntryPoint","urlTemplate":"https:\/\/meadowstale.com\/de\/?s={search_term_string}"},"query-input":"required name=search_term_string"}],"inLanguage":"de-DE"},{"@type":"Organization","@id":"https:\/\/meadowstale.com\/de\/#organization","name":"Meadow's Tale","url":"https:\/\/meadowstale.com\/de\/","logo":{"@type":"ImageObject","inLanguage":"de-DE","@id":"https:\/\/meadowstale.com\/de\/#\/schema\/logo\/image\/","url":"https:\/\/meadowstale.com\/wp-content\/uploads\/2020\/10\/LOGO.png","contentUrl":"https:\/\/meadowstale.com\/wp-content\/uploads\/2020\/10\/LOGO.png","width":208,"height":125,"caption":"Meadow's Tale"},"image":{"@id":"https:\/\/meadowstale.com\/de\/#\/schema\/logo\/image\/"}}]}},"_links":{"self":[{"href":"https:\/\/meadowstale.com\/de\/wp-json\/wp\/v2\/product\/7140"}],"collection":[{"href":"https:\/\/meadowstale.com\/de\/wp-json\/wp\/v2\/product"}],"about":[{"href":"https:\/\/meadowstale.com\/de\/wp-json\/wp\/v2\/types\/product"}],"replies":[{"embeddable":true,"href":"https:\/\/meadowstale.com\/de\/wp-json\/wp\/v2\/comments?post=7140"}],"wp:featuredmedia":[{"embeddable":true,"href":"https:\/\/meadowstale.com\/de\/wp-json\/wp\/v2\/media\/9344"}],"wp:attachment":[{"href":"https:\/\/meadowstale.com\/de\/wp-json\/wp\/v2\/media?parent=7140"}],"wp:term":[{"taxonomy":"product_cat","embeddable":true,"href":"https:\/\/meadowstale.com\/de\/wp-json\/wp\/v2\/product_cat?post=7140"},{"taxonomy":"product_tag","embeddable":true,"href":"https:\/\/meadowstale.com\/de\/wp-json\/wp\/v2\/product_tag?post=7140"}],"curies":[{"name":"wp","href":"https:\/\/api.w.org\/{rel}","templated":true}]}}