{"id":8896,"date":"2024-09-26T14:55:01","date_gmt":"2024-09-30T07:57:38","guid":{"rendered":"https:\/\/meadowstale.com\/?post_type=product&#038;p=8896"},"modified":"2026-02-06T12:06:51","modified_gmt":"2026-02-06T11:06:51","slug":"pullover-aus-baumwolle-purpur","status":"publish","type":"product","link":"https:\/\/meadowstale.com\/de\/produkt\/pullover-aus-baumwolle-purpur\/","title":{"rendered":"Pullover aus Baumwolle \u2013 Purpur"},"content":{"rendered":"<div class=\"family-avenire middle-text-custom\">\n<h3>WASCHANLEITUNG:<\/h3>\n<ul>\n<li aria-level=\"1\">Waschen bei 30\u00b0C<\/li>\n<li aria-level=\"1\">Keine Reinigungsmittel verwenden<\/li>\n<li aria-level=\"1\">Keine automatischen Trockner verwenden<\/li>\n<li><span style=\"font-weight: 400;\">B\u00fcgeln bei einer mittleren Temperatur &#8211; bis maximal 110 \u00b0C<\/span><\/li>\n<\/ul>\n<\/div>\n","protected":false},"excerpt":{"rendered":"<p style=\"text-align: center;\" data-mce-style=\"text-align: center;\">Lieferzeiten: 2-3 Arbeitstage<\/p>\n<p class=\"p1\" style=\"text-align: center;\" data-mce-style=\"text-align: center;\">Dieser wundersch\u00f6ne Pullover aus Bio-Baumwolle im l\u00e4ssigen Oversize-Schnitt wurde mit gr\u00f6\u00dfter Liebe zum Detail gefertigt. \u00dcber den Kopf angezogen, ist er au\u00dfergew\u00f6hnlich weich und elastisch und bietet unseren Kindern unbeschwerten Tragekomfort und Bewegungsfreiheit.<\/p>\n<div class=\"description-main-product family-avenire\">\n<h3>\u00dcBER DAS PRODUKT:<\/h3>\n<ul>\n<li>100% Bio-Baumwolle<\/li>\n<li>Oeko-Tex\u00aeStandard 100 zertifiziert<\/li>\n<li>Unisex-Schnitt, perfekt f\u00fcr M\u00e4dchen und Jungen<\/li>\n<li>Nicht allergen, nicht reizend<\/li>\n<li>weich und atmungsaktiv<\/li>\n<li>weich und hautfreundlich<\/li>\n<li>Dehnungsresistent<\/li>\n<li>hergestellt in Polen<\/li>\n<\/ul>\n<p>Baumwollstoffe sind aufgrund ihrer Weichheit ideal f\u00fcr Menschen, die zu Hautreizungen neigen. Dank ihrer Atmungsaktivit\u00e4t sorgt Baumwolle f\u00fcr ein angenehmes K\u00f6rperklima, ohne \u00fcberm\u00e4\u00dfiges Schwitzen zu verursachen, und l\u00e4sst die Haut atmen. Der Stoff ist au\u00dferdem temperaturbest\u00e4ndig und schrumpft und dehnt sich nicht. Dar\u00fcber hinaus lassen sich Flecken leicht entfernen.<\/p>\n<\/div>\n","protected":false},"featured_media":9326,"comment_status":"closed","ping_status":"closed","template":"","meta":{"_acf_changed":false},"product_cat":[190],"product_tag":[],"supplier_id":null,"supplier_sku":"","barcode":null,"atum_controlled":true,"out_stock_date":null,"out_stock_threshold":null,"inheritable":true,"inbound_stock":0,"stock_on_hold":0,"sold_today":0,"sales_last_days":0,"reserved_stock":0,"customer_returns":0,"warehouse_damage":0,"lost_in_post":0,"other_logs":0,"out_stock_days":0,"lost_sales":0,"has_location":false,"update_date":"2026-02-06T10:02:01","atum_locations":[],"atum_stock_status":"instock","restock_status":false,"low_stock_amount":"","sales_update_date":"2026-02-06T10:02:01","calc_backorders":null,"acf":[],"yoast_head":"<!-- This site is optimized with the Yoast SEO plugin v22.2 - https:\/\/yoast.com\/wordpress\/plugins\/seo\/ -->\n<title>Pullover aus Baumwolle \u2013 Purpur - Meadow&#039;s Tale<\/title>\n<meta name=\"description\" content=\"Komfort und Stil in einem - ein Baumwollpulli f\u00fcr unbegrenzten Tragekomfort. Weich, dehnbar und hautfreundlich.\" \/>\n<meta name=\"robots\" content=\"index, follow, max-snippet:-1, max-image-preview:large, max-video-preview:-1\" \/>\n<link rel=\"canonical\" href=\"https:\/\/meadowstale.com\/de\/produkt\/pullover-aus-baumwolle-purpur\/\" \/>\n<meta property=\"og:locale\" content=\"de_DE\" \/>\n<meta property=\"og:type\" content=\"article\" \/>\n<meta property=\"og:title\" content=\"Pullover aus Baumwolle \u2013 Purpur - Meadow&#039;s Tale\" \/>\n<meta property=\"og:description\" content=\"Komfort und Stil in einem - ein Baumwollpulli f\u00fcr unbegrenzten Tragekomfort. Weich, dehnbar und hautfreundlich.\" \/>\n<meta property=\"og:url\" content=\"https:\/\/meadowstale.com\/de\/produkt\/pullover-aus-baumwolle-purpur\/\" \/>\n<meta property=\"og:site_name\" content=\"Meadow&#039;s Tale\" \/>\n<meta property=\"article:modified_time\" content=\"2026-02-06T11:06:51+00:00\" \/>\n<meta property=\"og:image\" content=\"https:\/\/meadowstale.com\/wp-content\/uploads\/2024\/09\/1_meadows-20244317-min.jpg\" \/>\n\t<meta property=\"og:image:width\" content=\"1536\" \/>\n\t<meta property=\"og:image:height\" content=\"2048\" \/>\n\t<meta property=\"og:image:type\" content=\"image\/jpeg\" \/>\n<meta name=\"twitter:card\" content=\"summary_large_image\" \/>\n<meta name=\"twitter:label1\" content=\"Est. reading time\" \/>\n\t<meta name=\"twitter:data1\" content=\"1 Minute\" \/>\n<script type=\"application\/ld+json\" class=\"yoast-schema-graph\">{\"@context\":\"https:\/\/schema.org\",\"@graph\":[{\"@type\":\"WebPage\",\"@id\":\"https:\/\/meadowstale.com\/de\/produkt\/pullover-aus-baumwolle-purpur\/\",\"url\":\"https:\/\/meadowstale.com\/de\/produkt\/pullover-aus-baumwolle-purpur\/\",\"name\":\"Pullover aus Baumwolle \u2013 Purpur - Meadow&#039;s Tale\",\"isPartOf\":{\"@id\":\"https:\/\/meadowstale.com\/de\/#website\"},\"primaryImageOfPage\":{\"@id\":\"https:\/\/meadowstale.com\/de\/produkt\/pullover-aus-baumwolle-purpur\/#primaryimage\"},\"image\":{\"@id\":\"https:\/\/meadowstale.com\/de\/produkt\/pullover-aus-baumwolle-purpur\/#primaryimage\"},\"thumbnailUrl\":\"https:\/\/meadowstale.com\/wp-content\/uploads\/2024\/10\/fioletowy-min.jpg\",\"datePublished\":\"2024-09-30T07:57:38+00:00\",\"dateModified\":\"2026-02-06T11:06:51+00:00\",\"description\":\"Komfort und Stil in einem - ein Baumwollpulli f\u00fcr unbegrenzten Tragekomfort. Weich, dehnbar und hautfreundlich.\",\"breadcrumb\":{\"@id\":\"https:\/\/meadowstale.com\/de\/produkt\/pullover-aus-baumwolle-purpur\/#breadcrumb\"},\"inLanguage\":\"de-DE\",\"potentialAction\":[{\"@type\":\"ReadAction\",\"target\":[\"https:\/\/meadowstale.com\/de\/produkt\/pullover-aus-baumwolle-purpur\/\"]}]},{\"@type\":\"ImageObject\",\"inLanguage\":\"de-DE\",\"@id\":\"https:\/\/meadowstale.com\/de\/produkt\/pullover-aus-baumwolle-purpur\/#primaryimage\",\"url\":\"https:\/\/meadowstale.com\/wp-content\/uploads\/2024\/10\/fioletowy-min.jpg\",\"contentUrl\":\"https:\/\/meadowstale.com\/wp-content\/uploads\/2024\/10\/fioletowy-min.jpg\",\"width\":1500,\"height\":1500},{\"@type\":\"BreadcrumbList\",\"@id\":\"https:\/\/meadowstale.com\/de\/produkt\/pullover-aus-baumwolle-purpur\/#breadcrumb\",\"itemListElement\":[{\"@type\":\"ListItem\",\"position\":1,\"name\":\"Home\",\"item\":\"https:\/\/meadowstale.com\/de\/\"},{\"@type\":\"ListItem\",\"position\":2,\"name\":\"Produkte\",\"item\":\"https:\/\/meadowstale.com\/de\/produkte\/\"},{\"@type\":\"ListItem\",\"position\":3,\"name\":\"Pullover aus Baumwolle \u2013 Purpur\"}]},{\"@type\":\"WebSite\",\"@id\":\"https:\/\/meadowstale.com\/de\/#website\",\"url\":\"https:\/\/meadowstale.com\/de\/\",\"name\":\"Meadow's Tale\",\"description\":\"\",\"publisher\":{\"@id\":\"https:\/\/meadowstale.com\/de\/#organization\"},\"potentialAction\":[{\"@type\":\"SearchAction\",\"target\":{\"@type\":\"EntryPoint\",\"urlTemplate\":\"https:\/\/meadowstale.com\/de\/?s={search_term_string}\"},\"query-input\":\"required name=search_term_string\"}],\"inLanguage\":\"de-DE\"},{\"@type\":\"Organization\",\"@id\":\"https:\/\/meadowstale.com\/de\/#organization\",\"name\":\"Meadow's Tale\",\"url\":\"https:\/\/meadowstale.com\/de\/\",\"logo\":{\"@type\":\"ImageObject\",\"inLanguage\":\"de-DE\",\"@id\":\"https:\/\/meadowstale.com\/de\/#\/schema\/logo\/image\/\",\"url\":\"https:\/\/meadowstale.com\/wp-content\/uploads\/2020\/10\/LOGO.png\",\"contentUrl\":\"https:\/\/meadowstale.com\/wp-content\/uploads\/2020\/10\/LOGO.png\",\"width\":208,\"height\":125,\"caption\":\"Meadow's Tale\"},\"image\":{\"@id\":\"https:\/\/meadowstale.com\/de\/#\/schema\/logo\/image\/\"}}]}<\/script>\n<!-- \/ Yoast SEO plugin. -->","yoast_head_json":{"title":"Pullover aus Baumwolle \u2013 Purpur - Meadow&#039;s Tale","description":"Komfort und Stil in einem - ein Baumwollpulli f\u00fcr unbegrenzten Tragekomfort. Weich, dehnbar und hautfreundlich.","robots":{"index":"index","follow":"follow","max-snippet":"max-snippet:-1","max-image-preview":"max-image-preview:large","max-video-preview":"max-video-preview:-1"},"canonical":"https:\/\/meadowstale.com\/de\/produkt\/pullover-aus-baumwolle-purpur\/","og_locale":"de_DE","og_type":"article","og_title":"Pullover aus Baumwolle \u2013 Purpur - Meadow&#039;s Tale","og_description":"Komfort und Stil in einem - ein Baumwollpulli f\u00fcr unbegrenzten Tragekomfort. Weich, dehnbar und hautfreundlich.","og_url":"https:\/\/meadowstale.com\/de\/produkt\/pullover-aus-baumwolle-purpur\/","og_site_name":"Meadow&#039;s Tale","article_modified_time":"2026-02-06T11:06:51+00:00","og_image":[{"width":1536,"height":2048,"url":"https:\/\/meadowstale.com\/wp-content\/uploads\/2024\/09\/1_meadows-20244317-min.jpg","type":"image\/jpeg"}],"twitter_card":"summary_large_image","twitter_misc":{"Est. reading time":"1 Minute"},"schema":{"@context":"https:\/\/schema.org","@graph":[{"@type":"WebPage","@id":"https:\/\/meadowstale.com\/de\/produkt\/pullover-aus-baumwolle-purpur\/","url":"https:\/\/meadowstale.com\/de\/produkt\/pullover-aus-baumwolle-purpur\/","name":"Pullover aus Baumwolle \u2013 Purpur - Meadow&#039;s Tale","isPartOf":{"@id":"https:\/\/meadowstale.com\/de\/#website"},"primaryImageOfPage":{"@id":"https:\/\/meadowstale.com\/de\/produkt\/pullover-aus-baumwolle-purpur\/#primaryimage"},"image":{"@id":"https:\/\/meadowstale.com\/de\/produkt\/pullover-aus-baumwolle-purpur\/#primaryimage"},"thumbnailUrl":"https:\/\/meadowstale.com\/wp-content\/uploads\/2024\/10\/fioletowy-min.jpg","datePublished":"2024-09-30T07:57:38+00:00","dateModified":"2026-02-06T11:06:51+00:00","description":"Komfort und Stil in einem - ein Baumwollpulli f\u00fcr unbegrenzten Tragekomfort. Weich, dehnbar und hautfreundlich.","breadcrumb":{"@id":"https:\/\/meadowstale.com\/de\/produkt\/pullover-aus-baumwolle-purpur\/#breadcrumb"},"inLanguage":"de-DE","potentialAction":[{"@type":"ReadAction","target":["https:\/\/meadowstale.com\/de\/produkt\/pullover-aus-baumwolle-purpur\/"]}]},{"@type":"ImageObject","inLanguage":"de-DE","@id":"https:\/\/meadowstale.com\/de\/produkt\/pullover-aus-baumwolle-purpur\/#primaryimage","url":"https:\/\/meadowstale.com\/wp-content\/uploads\/2024\/10\/fioletowy-min.jpg","contentUrl":"https:\/\/meadowstale.com\/wp-content\/uploads\/2024\/10\/fioletowy-min.jpg","width":1500,"height":1500},{"@type":"BreadcrumbList","@id":"https:\/\/meadowstale.com\/de\/produkt\/pullover-aus-baumwolle-purpur\/#breadcrumb","itemListElement":[{"@type":"ListItem","position":1,"name":"Home","item":"https:\/\/meadowstale.com\/de\/"},{"@type":"ListItem","position":2,"name":"Produkte","item":"https:\/\/meadowstale.com\/de\/produkte\/"},{"@type":"ListItem","position":3,"name":"Pullover aus Baumwolle \u2013 Purpur"}]},{"@type":"WebSite","@id":"https:\/\/meadowstale.com\/de\/#website","url":"https:\/\/meadowstale.com\/de\/","name":"Meadow's Tale","description":"","publisher":{"@id":"https:\/\/meadowstale.com\/de\/#organization"},"potentialAction":[{"@type":"SearchAction","target":{"@type":"EntryPoint","urlTemplate":"https:\/\/meadowstale.com\/de\/?s={search_term_string}"},"query-input":"required name=search_term_string"}],"inLanguage":"de-DE"},{"@type":"Organization","@id":"https:\/\/meadowstale.com\/de\/#organization","name":"Meadow's Tale","url":"https:\/\/meadowstale.com\/de\/","logo":{"@type":"ImageObject","inLanguage":"de-DE","@id":"https:\/\/meadowstale.com\/de\/#\/schema\/logo\/image\/","url":"https:\/\/meadowstale.com\/wp-content\/uploads\/2020\/10\/LOGO.png","contentUrl":"https:\/\/meadowstale.com\/wp-content\/uploads\/2020\/10\/LOGO.png","width":208,"height":125,"caption":"Meadow's Tale"},"image":{"@id":"https:\/\/meadowstale.com\/de\/#\/schema\/logo\/image\/"}}]}},"_links":{"self":[{"href":"https:\/\/meadowstale.com\/de\/wp-json\/wp\/v2\/product\/8896"}],"collection":[{"href":"https:\/\/meadowstale.com\/de\/wp-json\/wp\/v2\/product"}],"about":[{"href":"https:\/\/meadowstale.com\/de\/wp-json\/wp\/v2\/types\/product"}],"replies":[{"embeddable":true,"href":"https:\/\/meadowstale.com\/de\/wp-json\/wp\/v2\/comments?post=8896"}],"wp:featuredmedia":[{"embeddable":true,"href":"https:\/\/meadowstale.com\/de\/wp-json\/wp\/v2\/media\/9326"}],"wp:attachment":[{"href":"https:\/\/meadowstale.com\/de\/wp-json\/wp\/v2\/media?parent=8896"}],"wp:term":[{"taxonomy":"product_cat","embeddable":true,"href":"https:\/\/meadowstale.com\/de\/wp-json\/wp\/v2\/product_cat?post=8896"},{"taxonomy":"product_tag","embeddable":true,"href":"https:\/\/meadowstale.com\/de\/wp-json\/wp\/v2\/product_tag?post=8896"}],"curies":[{"name":"wp","href":"https:\/\/api.w.org\/{rel}","templated":true}]}}